{"id":10829,"date":"2024-06-12T14:29:13","date_gmt":"2024-06-12T12:29:13","guid":{"rendered":"https:\/\/gbolognini.com\/chi-sono\/"},"modified":"2024-09-02T13:34:21","modified_gmt":"2024-09-02T11:34:21","slug":"chi-sono","status":"publish","type":"page","link":"https:\/\/gbolognini.com\/de\/chi-sono\/","title":{"rendered":"Wer bin ich"},"content":{"rendered":"\t\t<div data-elementor-type=\"wp-page\" data-elementor-id=\"10829\" class=\"elementor elementor-10829 elementor-10304\" data-elementor-post-type=\"page\">\n\t\t\t\t\t\t<section class=\"elementor-section elementor-top-section elementor-element elementor-element-aa99b54 elementor-section-boxed elementor-section-height-default elementor-section-height-default\" data-id=\"aa99b54\" data-element_type=\"section\">\n\t\t\t\t\t\t<div class=\"elementor-container elementor-column-gap-default\">\n\t\t\t\t\t<div class=\"elementor-column elementor-col-100 elementor-top-column elementor-element elementor-element-d9dc6af\" data-id=\"d9dc6af\" data-element_type=\"column\">\n\t\t\t<div class=\"elementor-widget-wrap elementor-element-populated\">\n\t\t\t\t\t\t<div class=\"elementor-element elementor-element-fa7ebaf elementor-widget elementor-widget-heading\" data-id=\"fa7ebaf\" data-element_type=\"widget\" data-widget_type=\"heading.default\">\n\t\t\t\t<div class=\"elementor-widget-container\">\n\t\t\t<h2 class=\"elementor-heading-title elementor-size-default\">Italien, Deutschland, Spanien... Das ist mein Werdegang<\/h2>\t\t<\/div>\n\t\t\t\t<\/div>\n\t\t\t\t<div class=\"elementor-element elementor-element-83ec3fd elementor-widget elementor-widget-text-editor\" data-id=\"83ec3fd\" data-element_type=\"widget\" data-widget_type=\"text-editor.default\">\n\t\t\t\t<div class=\"elementor-widget-container\">\n\t\t\t\t\t\t\t<p>Hallo, ich bin Giovanni, \u00dcbersetzer und Dolmetscher f\u00fcr Italienisch, Deutsch, Englisch, Spanisch und Franz\u00f6sisch. Mein Werdegang begann in Italien, wo ich mich von klein auf f\u00fcr Sprachen begeisterte. Ich habe an der Universit\u00e4t Mailand \u00dcbersetzungs- und Kulturwissenschaft studiert. Ich habe mein Studium in Deutschland fortgesetzt, an der Johannes Gutenberg-Universit\u00e4t Mainz, mit dem Master-Studiengang Konferenzdolmetschen. Ebenfalls in Deutschland habe ich mich f\u00fcr eine freiberufliche T\u00e4tigkeit als \u00dcbersetzer und Dolmetscher f\u00fcr Italienisch auf dem freien Markt entschieden. Ich habe 12 Jahre lang in Deutschland gelebt und hautnah den Dolmetsch- und \u00dcbersetzermarkt im deutschsprachigen Raum kennengelernt. Diese Zeit war von grundlegender Bedeutung, um die w\u00e4hrend meines Studiums erworbenen Strategien und Kenntnisse zu perfektionieren. Weitere Aufenthalte in Europa, darunter im Vereinigten K\u00f6nigreich und in Norwegen, haben es mir ebenfalls erm\u00f6glicht, neue und inspirierende Kulturen kennen zu lernen und mein Netzwerk zu erweitern.<\/p>\n\t\t\t\t\t\t<\/div>\n\t\t\t\t<\/div>\n\t\t\t\t\t<\/div>\n\t\t<\/div>\n\t\t\t\t\t<\/div>\n\t\t<\/section>\n\t\t\t\t<section class=\"elementor-section elementor-top-section elementor-element elementor-element-3f2f385 elementor-section-boxed elementor-section-height-default elementor-section-height-default\" data-id=\"3f2f385\" data-element_type=\"section\">\n\t\t\t\t\t\t<div class=\"elementor-container elementor-column-gap-wider\">\n\t\t\t\t\t<div class=\"elementor-column elementor-col-50 elementor-top-column elementor-element elementor-element-656979b\" data-id=\"656979b\" data-element_type=\"column\">\n\t\t\t<div class=\"elementor-widget-wrap elementor-element-populated\">\n\t\t\t\t\t\t<div class=\"elementor-element elementor-element-1f38af1 elementor-widget elementor-widget-image\" data-id=\"1f38af1\" data-element_type=\"widget\" data-widget_type=\"image.default\">\n\t\t\t\t<div class=\"elementor-widget-container\">\n\t\t\t\t\t\t\t\t\t\t\t\t\t<img fetchpriority=\"high\" decoding=\"async\" width=\"682\" height=\"1024\" src=\"https:\/\/gbolognini.com\/wp-content\/uploads\/2024\/08\/Giovanni_Bolognini10-682x1024.jpg\" class=\"attachment-large size-large wp-image-10741\" alt=\"\" srcset=\"https:\/\/gbolognini.com\/wp-content\/uploads\/2024\/08\/Giovanni_Bolognini10-682x1024.jpg 682w, https:\/\/gbolognini.com\/wp-content\/uploads\/2024\/08\/Giovanni_Bolognini10-200x300.jpg 200w, https:\/\/gbolognini.com\/wp-content\/uploads\/2024\/08\/Giovanni_Bolognini10-768x1153.jpg 768w, https:\/\/gbolognini.com\/wp-content\/uploads\/2024\/08\/Giovanni_Bolognini10.jpg 1020w\" sizes=\"(max-width: 682px) 100vw, 682px\" \/>\t\t\t\t\t\t\t\t\t\t\t\t\t<\/div>\n\t\t\t\t<\/div>\n\t\t\t\t\t<\/div>\n\t\t<\/div>\n\t\t\t\t<div class=\"elementor-column elementor-col-50 elementor-top-column elementor-element elementor-element-b2e9246\" data-id=\"b2e9246\" data-element_type=\"column\">\n\t\t\t<div class=\"elementor-widget-wrap elementor-element-populated\">\n\t\t\t\t\t\t<div class=\"elementor-element elementor-element-1718d4c elementor-widget elementor-widget-text-editor\" data-id=\"1718d4c\" data-element_type=\"widget\" data-widget_type=\"text-editor.default\">\n\t\t\t\t<div class=\"elementor-widget-container\">\n\t\t\t\t\t\t\t<h4><span style=\"color: #ff0000;\"><strong>Ausbildung<\/strong><\/span><\/h4>\n<ul>\n<li><strong>2010-2013:<\/strong> BA \u00dcbersetzungs- und Kulturwissenschaft, Universit\u00e4t Mailand<\/li>\n<li><strong>2013-2015:<\/strong> MA Konferenzdolmetschen, Johannes Gutenberg-Universit\u00e4t Mainz (Germersheim)<\/li>\n<li><strong>2018: <\/strong> Ernennung zum beeidigten Verhandlungsdolmetscher f\u00fcr Italienisch f\u00fcr das Land Baden-W\u00fcrttemberg (Landgericht Heidelberg)<\/li>\n<li><strong>2021: <\/strong> Ernennung zum beeidigten Urkunden\u00fcbersetzer f\u00fcr Italienisch f\u00fcr das Land Baden-W\u00fcrttemberg (Landgericht Heidelberg)<\/li>\n<li><strong>2022: <\/strong> MTPE-Schulung (full machine translation post-editing und light machine translation post-editing)<\/li>\n<\/ul>\n\t\t\t\t\t\t<\/div>\n\t\t\t\t<\/div>\n\t\t\t\t\t<\/div>\n\t\t<\/div>\n\t\t\t\t\t<\/div>\n\t\t<\/section>\n\t\t\t\t<section class=\"elementor-section elementor-top-section elementor-element elementor-element-c3908f7 elementor-section-boxed elementor-section-height-default elementor-section-height-default\" data-id=\"c3908f7\" data-element_type=\"section\" data-settings=\"{&quot;background_background&quot;:&quot;classic&quot;}\">\n\t\t\t\t\t\t<div class=\"elementor-container elementor-column-gap-wider\">\n\t\t\t\t\t<div class=\"elementor-column elementor-col-50 elementor-top-column elementor-element elementor-element-39e1a6e\" data-id=\"39e1a6e\" data-element_type=\"column\">\n\t\t\t<div class=\"elementor-widget-wrap elementor-element-populated\">\n\t\t\t\t\t\t<section class=\"elementor-section elementor-inner-section elementor-element elementor-element-429cbc1 elementor-section-boxed elementor-section-height-default elementor-section-height-default\" data-id=\"429cbc1\" data-element_type=\"section\">\n\t\t\t\t\t\t<div class=\"elementor-container elementor-column-gap-default\">\n\t\t\t\t\t<div class=\"elementor-column elementor-col-33 elementor-inner-column elementor-element elementor-element-acb5255\" data-id=\"acb5255\" data-element_type=\"column\">\n\t\t\t<div class=\"elementor-widget-wrap elementor-element-populated\">\n\t\t\t\t\t\t<div class=\"elementor-element elementor-element-ca0a059 elementor-align-center elementor-widget elementor-widget-the7_icon_widget\" data-id=\"ca0a059\" data-element_type=\"widget\" data-widget_type=\"the7_icon_widget.default\">\n\t\t\t\t<div class=\"elementor-widget-container\">\n\t\t\t<div class=\"the7-icon-wrapper the7-elementor-widget\"><div class=\"elementor-icon\"><i aria-hidden=\"true\" class=\"fas fa-bookmark\"><\/i><\/div><\/div>\t\t<\/div>\n\t\t\t\t<\/div>\n\t\t\t\t<div class=\"elementor-element elementor-element-94b45fa elementor-widget elementor-widget-text-editor\" data-id=\"94b45fa\" data-element_type=\"widget\" data-widget_type=\"text-editor.default\">\n\t\t\t\t<div class=\"elementor-widget-container\">\n\t\t\t\t\t\t\t<h3 style=\"text-align: center;\"><strong>+10<\/strong><\/h3>\n\t\t\t\t\t\t<\/div>\n\t\t\t\t<\/div>\n\t\t\t\t<div class=\"elementor-element elementor-element-4ea276c elementor-widget elementor-widget-text-editor\" data-id=\"4ea276c\" data-element_type=\"widget\" data-widget_type=\"text-editor.default\">\n\t\t\t\t<div class=\"elementor-widget-container\">\n\t\t\t\t\t\t\t<p style=\"text-align: center;\">Jahre Erfahrung<\/p>\n\t\t\t\t\t\t<\/div>\n\t\t\t\t<\/div>\n\t\t\t\t\t<\/div>\n\t\t<\/div>\n\t\t\t\t<div class=\"elementor-column elementor-col-33 elementor-inner-column elementor-element elementor-element-7f82c3b\" data-id=\"7f82c3b\" data-element_type=\"column\">\n\t\t\t<div class=\"elementor-widget-wrap elementor-element-populated\">\n\t\t\t\t\t\t<div class=\"elementor-element elementor-element-98219e8 elementor-align-center elementor-widget elementor-widget-the7_icon_widget\" data-id=\"98219e8\" data-element_type=\"widget\" data-widget_type=\"the7_icon_widget.default\">\n\t\t\t\t<div class=\"elementor-widget-container\">\n\t\t\t<div class=\"the7-icon-wrapper the7-elementor-widget\"><div class=\"elementor-icon\"><i aria-hidden=\"true\" class=\"fas fa-people-arrows\"><\/i><\/div><\/div>\t\t<\/div>\n\t\t\t\t<\/div>\n\t\t\t\t<div class=\"elementor-element elementor-element-b98cb0c elementor-widget elementor-widget-text-editor\" data-id=\"b98cb0c\" data-element_type=\"widget\" data-widget_type=\"text-editor.default\">\n\t\t\t\t<div class=\"elementor-widget-container\">\n\t\t\t\t\t\t\t<h3 style=\"text-align: center;\"><strong>+60<\/strong><\/h3>\n\t\t\t\t\t\t<\/div>\n\t\t\t\t<\/div>\n\t\t\t\t<div class=\"elementor-element elementor-element-05e9bb1 elementor-widget elementor-widget-text-editor\" data-id=\"05e9bb1\" data-element_type=\"widget\" data-widget_type=\"text-editor.default\">\n\t\t\t\t<div class=\"elementor-widget-container\">\n\t\t\t\t\t\t\t<p style=\"text-align: center;\">Kunden<\/p>\n\t\t\t\t\t\t<\/div>\n\t\t\t\t<\/div>\n\t\t\t\t\t<\/div>\n\t\t<\/div>\n\t\t\t\t<div class=\"elementor-column elementor-col-33 elementor-inner-column elementor-element elementor-element-638a9e4\" data-id=\"638a9e4\" data-element_type=\"column\">\n\t\t\t<div class=\"elementor-widget-wrap elementor-element-populated\">\n\t\t\t\t\t\t<div class=\"elementor-element elementor-element-47246c3 elementor-align-center elementor-widget elementor-widget-the7_icon_widget\" data-id=\"47246c3\" data-element_type=\"widget\" data-widget_type=\"the7_icon_widget.default\">\n\t\t\t\t<div class=\"elementor-widget-container\">\n\t\t\t<div class=\"the7-icon-wrapper the7-elementor-widget\"><div class=\"elementor-icon\"><i aria-hidden=\"true\" class=\"fas fa-project-diagram\"><\/i><\/div><\/div>\t\t<\/div>\n\t\t\t\t<\/div>\n\t\t\t\t<div class=\"elementor-element elementor-element-f75b548 elementor-widget elementor-widget-text-editor\" data-id=\"f75b548\" data-element_type=\"widget\" data-widget_type=\"text-editor.default\">\n\t\t\t\t<div class=\"elementor-widget-container\">\n\t\t\t\t\t\t\t<h3 style=\"text-align: center;\"><strong>+160<\/strong><\/h3>\n\t\t\t\t\t\t<\/div>\n\t\t\t\t<\/div>\n\t\t\t\t<div class=\"elementor-element elementor-element-c895b3f elementor-widget elementor-widget-text-editor\" data-id=\"c895b3f\" data-element_type=\"widget\" data-widget_type=\"text-editor.default\">\n\t\t\t\t<div class=\"elementor-widget-container\">\n\t\t\t\t\t\t\t<p style=\"text-align: center;\">Projekte<\/p>\n\t\t\t\t\t\t<\/div>\n\t\t\t\t<\/div>\n\t\t\t\t\t<\/div>\n\t\t<\/div>\n\t\t\t\t\t<\/div>\n\t\t<\/section>\n\t\t\t\t\t<\/div>\n\t\t<\/div>\n\t\t\t\t<div class=\"elementor-column elementor-col-50 elementor-top-column elementor-element elementor-element-bc31fd1\" data-id=\"bc31fd1\" data-element_type=\"column\">\n\t\t\t<div class=\"elementor-widget-wrap elementor-element-populated\">\n\t\t\t\t\t\t<div class=\"elementor-element elementor-element-aa93803 elementor-widget elementor-widget-text-editor\" data-id=\"aa93803\" data-element_type=\"widget\" data-widget_type=\"text-editor.default\">\n\t\t\t\t<div class=\"elementor-widget-container\">\n\t\t\t\t\t\t\t<h4><span style=\"color: #ff0000;\"><strong>Berufliche T\u00e4tigkeiten<\/strong><\/span><\/h4>\n<ul>\n<li><strong>2014 bis heute:<\/strong> freiberuflicher \u00dcbersetzer und Dolmetscher<\/li>\n<li><strong>2016 bis heute:<\/strong> Lehrbeauftragter an der Johannes Gutenberg-Universit\u00e4t Mainz (Germersheim), 2-3 Lehrveranstaltungen pro Semester im Masterstudiengang Konferenzdolmetschen, d.h. Simultan- und Konsekutivdolmetschen EN&gt;IT und DE&gt;IT<\/li>\n<\/ul>\n\t\t\t\t\t\t<\/div>\n\t\t\t\t<\/div>\n\t\t\t\t\t<\/div>\n\t\t<\/div>\n\t\t\t\t\t<\/div>\n\t\t<\/section>\n\t\t\t\t<\/div>\n\t\t","protected":false},"excerpt":{"rendered":"<p>Italien, Deutschland, Spanien&#8230; Das ist mein Werdegang Hallo, ich bin Giovanni, \u00dcbersetzer und Dolmetscher f\u00fcr Italienisch, Deutsch, Englisch, Spanisch und Franz\u00f6sisch. Mein Werdegang begann in Italien, wo ich mich von klein auf f\u00fcr Sprachen begeisterte. Ich habe an der Universit\u00e4t Mailand \u00dcbersetzungs- und Kulturwissenschaft studiert. Ich habe mein Studium in Deutschland fortgesetzt, an der Johannes&hellip;<\/p>\n","protected":false},"author":1,"featured_media":0,"parent":0,"menu_order":1,"comment_status":"closed","ping_status":"closed","template":"","meta":{"footnotes":""},"class_list":["post-10829","page","type-page","status-publish","hentry"],"_links":{"self":[{"href":"https:\/\/gbolognini.com\/de\/wp-json\/wp\/v2\/pages\/10829"}],"collection":[{"href":"https:\/\/gbolognini.com\/de\/wp-json\/wp\/v2\/pages"}],"about":[{"href":"https:\/\/gbolognini.com\/de\/wp-json\/wp\/v2\/types\/page"}],"author":[{"embeddable":true,"href":"https:\/\/gbolognini.com\/de\/wp-json\/wp\/v2\/users\/1"}],"replies":[{"embeddable":true,"href":"https:\/\/gbolognini.com\/de\/wp-json\/wp\/v2\/comments?post=10829"}],"version-history":[{"count":3,"href":"https:\/\/gbolognini.com\/de\/wp-json\/wp\/v2\/pages\/10829\/revisions"}],"predecessor-version":[{"id":10996,"href":"https:\/\/gbolognini.com\/de\/wp-json\/wp\/v2\/pages\/10829\/revisions\/10996"}],"wp:attachment":[{"href":"https:\/\/gbolognini.com\/de\/wp-json\/wp\/v2\/media?parent=10829"}],"curies":[{"name":"wp","href":"https:\/\/api.w.org\/{rel}","templated":true}]}}