{"id":10846,"date":"2024-08-06T12:45:39","date_gmt":"2024-08-06T10:45:39","guid":{"rendered":"https:\/\/gbolognini.com\/interpretazione-da-remoto\/"},"modified":"2024-08-07T13:14:02","modified_gmt":"2024-08-07T11:14:02","slug":"interpretazione-da-remoto","status":"publish","type":"page","link":"https:\/\/gbolognini.com\/de\/interpretazione-da-remoto\/","title":{"rendered":"Remote-Dolmetschen (online)"},"content":{"rendered":"\t\t<div data-elementor-type=\"wp-page\" data-elementor-id=\"10846\" class=\"elementor elementor-10846 elementor-10694\" data-elementor-post-type=\"page\">\n\t\t\t\t\t\t<section class=\"elementor-section elementor-top-section elementor-element elementor-element-4634047c elementor-section-content-middle elementor-section-boxed elementor-section-height-default elementor-section-height-default\" data-id=\"4634047c\" data-element_type=\"section\">\n\t\t\t\t\t\t<div class=\"elementor-container elementor-column-gap-wider\">\n\t\t\t\t\t<div class=\"elementor-column elementor-col-50 elementor-top-column elementor-element elementor-element-1919361f\" data-id=\"1919361f\" data-element_type=\"column\">\n\t\t\t<div class=\"elementor-widget-wrap elementor-element-populated\">\n\t\t\t\t\t\t<div class=\"elementor-element elementor-element-6164dd84 elementor-widget elementor-widget-image\" data-id=\"6164dd84\" data-element_type=\"widget\" data-widget_type=\"image.default\">\n\t\t\t\t<div class=\"elementor-widget-container\">\n\t\t\t\t\t\t\t\t\t\t\t\t\t<img fetchpriority=\"high\" decoding=\"async\" width=\"1633\" height=\"1089\" src=\"https:\/\/gbolognini.com\/wp-content\/uploads\/2024\/08\/Giovanni_Bolognini04.jpg\" class=\"attachment-full size-full wp-image-10717\" alt=\"\" srcset=\"https:\/\/gbolognini.com\/wp-content\/uploads\/2024\/08\/Giovanni_Bolognini04.jpg 1633w, https:\/\/gbolognini.com\/wp-content\/uploads\/2024\/08\/Giovanni_Bolognini04-300x200.jpg 300w, https:\/\/gbolognini.com\/wp-content\/uploads\/2024\/08\/Giovanni_Bolognini04-1024x683.jpg 1024w, https:\/\/gbolognini.com\/wp-content\/uploads\/2024\/08\/Giovanni_Bolognini04-768x512.jpg 768w, https:\/\/gbolognini.com\/wp-content\/uploads\/2024\/08\/Giovanni_Bolognini04-1536x1024.jpg 1536w\" sizes=\"(max-width: 1633px) 100vw, 1633px\" \/>\t\t\t\t\t\t\t\t\t\t\t\t\t<\/div>\n\t\t\t\t<\/div>\n\t\t\t\t\t<\/div>\n\t\t<\/div>\n\t\t\t\t<div class=\"elementor-column elementor-col-50 elementor-top-column elementor-element elementor-element-437a77d5\" data-id=\"437a77d5\" data-element_type=\"column\">\n\t\t\t<div class=\"elementor-widget-wrap elementor-element-populated\">\n\t\t\t\t\t\t<div class=\"elementor-element elementor-element-693649c1 elementor-widget elementor-widget-text-editor\" data-id=\"693649c1\" data-element_type=\"widget\" data-widget_type=\"text-editor.default\">\n\t\t\t\t<div class=\"elementor-widget-container\">\n\t\t\t\t\t\t\t<p>Online-Dolmetschen ist ein weiterer sehr beliebter Modus, vor allem f\u00fcr Sitzungen von kurzer Dauer oder die bereits remote stattfinden. Der Dolmetscher ist mit der verwendeten Plattform verbunden, dolmetscht die Pr\u00e4sentation, die Rede, die Veranstaltung usw. und die Zuh\u00f6rer k\u00f6nnen die Verdolmetschung in der anderen Sprache h\u00f6ren. In diesem Fall kann ich Ihnen bei der Auswahl der Plattform entsprechend Ihren Bed\u00fcrfnissen helfen und sicherstellen, dass Ihre Veranstaltung oder Ihr Online-Meeting reibungslos abl\u00e4uft und von allen Teilnehmern besucht werden kann.<\/p>\n<p>Wenn Sie einen Online-Remotedolmetscher f\u00fcr Italienisch, Deutsch, Englisch, Spanisch oder Franz\u00f6sisch ben\u00f6tigen, schreiben Sie mir und ich werde Ihnen helfen.<\/p>\n\t\t\t\t\t\t<\/div>\n\t\t\t\t<\/div>\n\t\t\t\t\t<\/div>\n\t\t<\/div>\n\t\t\t\t\t<\/div>\n\t\t<\/section>\n\t\t\t\t<\/div>\n\t\t","protected":false},"excerpt":{"rendered":"<p>Online-Dolmetschen ist ein weiterer sehr beliebter Modus, vor allem f\u00fcr Sitzungen von kurzer Dauer oder die bereits remote stattfinden. Der Dolmetscher ist mit der verwendeten Plattform verbunden, dolmetscht die Pr\u00e4sentation, die Rede, die Veranstaltung usw. und die Zuh\u00f6rer k\u00f6nnen die Verdolmetschung in der anderen Sprache h\u00f6ren. In diesem Fall kann ich Ihnen bei der Auswahl&hellip;<\/p>\n","protected":false},"author":1,"featured_media":0,"parent":0,"menu_order":1,"comment_status":"closed","ping_status":"closed","template":"","meta":{"footnotes":""},"class_list":["post-10846","page","type-page","status-publish","hentry"],"_links":{"self":[{"href":"https:\/\/gbolognini.com\/de\/wp-json\/wp\/v2\/pages\/10846"}],"collection":[{"href":"https:\/\/gbolognini.com\/de\/wp-json\/wp\/v2\/pages"}],"about":[{"href":"https:\/\/gbolognini.com\/de\/wp-json\/wp\/v2\/types\/page"}],"author":[{"embeddable":true,"href":"https:\/\/gbolognini.com\/de\/wp-json\/wp\/v2\/users\/1"}],"replies":[{"embeddable":true,"href":"https:\/\/gbolognini.com\/de\/wp-json\/wp\/v2\/comments?post=10846"}],"version-history":[{"count":2,"href":"https:\/\/gbolognini.com\/de\/wp-json\/wp\/v2\/pages\/10846\/revisions"}],"predecessor-version":[{"id":10925,"href":"https:\/\/gbolognini.com\/de\/wp-json\/wp\/v2\/pages\/10846\/revisions\/10925"}],"wp:attachment":[{"href":"https:\/\/gbolognini.com\/de\/wp-json\/wp\/v2\/media?parent=10846"}],"curies":[{"name":"wp","href":"https:\/\/api.w.org\/{rel}","templated":true}]}}