{"id":10855,"date":"2024-08-06T12:44:08","date_gmt":"2024-08-06T10:44:08","guid":{"rendered":"https:\/\/gbolognini.com\/interpretazione-trattativa\/"},"modified":"2024-09-02T13:35:25","modified_gmt":"2024-09-02T11:35:25","slug":"interpretazione-trattativa","status":"publish","type":"page","link":"https:\/\/gbolognini.com\/de\/interpretazione-trattativa\/","title":{"rendered":"Verhandlungsdolmetschen"},"content":{"rendered":"\t\t<div data-elementor-type=\"wp-page\" data-elementor-id=\"10855\" class=\"elementor elementor-10855 elementor-10690\" data-elementor-post-type=\"page\">\n\t\t\t\t\t\t<section class=\"elementor-section elementor-top-section elementor-element elementor-element-3fbf059d elementor-section-content-middle elementor-section-boxed elementor-section-height-default elementor-section-height-default\" data-id=\"3fbf059d\" data-element_type=\"section\">\n\t\t\t\t\t\t<div class=\"elementor-container elementor-column-gap-wider\">\n\t\t\t\t\t<div class=\"elementor-column elementor-col-50 elementor-top-column elementor-element elementor-element-d2f2f8b\" data-id=\"d2f2f8b\" data-element_type=\"column\">\n\t\t\t<div class=\"elementor-widget-wrap elementor-element-populated\">\n\t\t\t\t\t\t<div class=\"elementor-element elementor-element-46428483 elementor-widget elementor-widget-image\" data-id=\"46428483\" data-element_type=\"widget\" data-widget_type=\"image.default\">\n\t\t\t\t<div class=\"elementor-widget-container\">\n\t\t\t\t\t\t\t\t\t\t\t\t\t<img fetchpriority=\"high\" decoding=\"async\" width=\"1506\" height=\"1004\" src=\"https:\/\/gbolognini.com\/wp-content\/uploads\/2024\/08\/Giovanni_Bolognini13.jpg\" class=\"attachment-full size-full wp-image-10753\" alt=\"\" srcset=\"https:\/\/gbolognini.com\/wp-content\/uploads\/2024\/08\/Giovanni_Bolognini13.jpg 1506w, https:\/\/gbolognini.com\/wp-content\/uploads\/2024\/08\/Giovanni_Bolognini13-300x200.jpg 300w, https:\/\/gbolognini.com\/wp-content\/uploads\/2024\/08\/Giovanni_Bolognini13-1024x683.jpg 1024w, https:\/\/gbolognini.com\/wp-content\/uploads\/2024\/08\/Giovanni_Bolognini13-768x512.jpg 768w\" sizes=\"(max-width: 1506px) 100vw, 1506px\" \/>\t\t\t\t\t\t\t\t\t\t\t\t\t<\/div>\n\t\t\t\t<\/div>\n\t\t\t\t\t<\/div>\n\t\t<\/div>\n\t\t\t\t<div class=\"elementor-column elementor-col-50 elementor-top-column elementor-element elementor-element-359e1602\" data-id=\"359e1602\" data-element_type=\"column\">\n\t\t\t<div class=\"elementor-widget-wrap elementor-element-populated\">\n\t\t\t\t\t\t<div class=\"elementor-element elementor-element-166078ac elementor-widget elementor-widget-text-editor\" data-id=\"166078ac\" data-element_type=\"widget\" data-widget_type=\"text-editor.default\">\n\t\t\t\t<div class=\"elementor-widget-container\">\n\t\t\t\t\t\t\t<p>Verhandlungsdolmetschen wird vor allem bei Messeveranstaltungen, Vertragsunterzeichnungen, Kaufvertr\u00e4gen usw. eingesetzt, bei denen Verhandlungen gef\u00fchrt werden. Der Dolmetscher steht zwischen dem Redner (oder einer Gruppe von Rednern) und der anderen Partei (Person oder Personengruppe, mit der verhandelt wird) und \u00fcbersetzt von einer Sprache in die andere. Diese Gespr\u00e4che sind in der Regel kurz, der Dolmetscher macht sich Notizen &#8211; manchmal auch nicht &#8211; und \u00fcbersetzt im Laufe der Sitzung von einer Sprache in die andere.<\/p>\n<p>Dies kann auch eine gute L\u00f6sung f\u00fcr einen Unternehmensbesuch, eine organisierte Reise usw. sein, bei der eine \u00dcbersetzung erforderlich ist. In diesem Fall handelt es sich sehr oft um eine Mischform aus Konsekutiv- und Verhandlungsdolmetschen. Ich kann Ihnen als \u00dcbersetzer- und Verhandlungsdolmetscher helfen.<\/p>\n<p>Wenn Sie einen Dolmetscher f\u00fcr eine Verhandlung auf Italienisch, Deutsch, Englisch, Spanisch oder Franz\u00f6sisch, f\u00fcr die Betreuung Ihrer Kunden w\u00e4hrend einer Messe oder einer organisierten Reise ben\u00f6tigen, schreiben Sie mir und ich werde Ihnen bestm\u00f6glich helfen.<\/p>\n\t\t\t\t\t\t<\/div>\n\t\t\t\t<\/div>\n\t\t\t\t\t<\/div>\n\t\t<\/div>\n\t\t\t\t\t<\/div>\n\t\t<\/section>\n\t\t\t\t<\/div>\n\t\t","protected":false},"excerpt":{"rendered":"<p>Verhandlungsdolmetschen wird vor allem bei Messeveranstaltungen, Vertragsunterzeichnungen, Kaufvertr\u00e4gen usw. eingesetzt, bei denen Verhandlungen gef\u00fchrt werden. Der Dolmetscher steht zwischen dem Redner (oder einer Gruppe von Rednern) und der anderen Partei (Person oder Personengruppe, mit der verhandelt wird) und \u00fcbersetzt von einer Sprache in die andere. Diese Gespr\u00e4che sind in der Regel kurz, der Dolmetscher macht&hellip;<\/p>\n","protected":false},"author":1,"featured_media":0,"parent":0,"menu_order":1,"comment_status":"closed","ping_status":"closed","template":"","meta":{"footnotes":""},"class_list":["post-10855","page","type-page","status-publish","hentry"],"_links":{"self":[{"href":"https:\/\/gbolognini.com\/de\/wp-json\/wp\/v2\/pages\/10855"}],"collection":[{"href":"https:\/\/gbolognini.com\/de\/wp-json\/wp\/v2\/pages"}],"about":[{"href":"https:\/\/gbolognini.com\/de\/wp-json\/wp\/v2\/types\/page"}],"author":[{"embeddable":true,"href":"https:\/\/gbolognini.com\/de\/wp-json\/wp\/v2\/users\/1"}],"replies":[{"embeddable":true,"href":"https:\/\/gbolognini.com\/de\/wp-json\/wp\/v2\/comments?post=10855"}],"version-history":[{"count":3,"href":"https:\/\/gbolognini.com\/de\/wp-json\/wp\/v2\/pages\/10855\/revisions"}],"predecessor-version":[{"id":11002,"href":"https:\/\/gbolognini.com\/de\/wp-json\/wp\/v2\/pages\/10855\/revisions\/11002"}],"wp:attachment":[{"href":"https:\/\/gbolognini.com\/de\/wp-json\/wp\/v2\/media?parent=10855"}],"curies":[{"name":"wp","href":"https:\/\/api.w.org\/{rel}","templated":true}]}}