{"id":10864,"date":"2024-07-25T12:24:24","date_gmt":"2024-07-25T10:24:24","guid":{"rendered":"https:\/\/gbolognini.com\/traduzione\/"},"modified":"2024-09-02T13:37:35","modified_gmt":"2024-09-02T11:37:35","slug":"traduzione","status":"publish","type":"page","link":"https:\/\/gbolognini.com\/de\/traduzione\/","title":{"rendered":"\u00dcbersetzung"},"content":{"rendered":"\t\t<div data-elementor-type=\"wp-page\" data-elementor-id=\"10864\" class=\"elementor elementor-10864 elementor-10539\" data-elementor-post-type=\"page\">\n\t\t\t\t\t\t<section class=\"elementor-section elementor-top-section elementor-element elementor-element-5e95878 elementor-section-boxed elementor-section-height-default elementor-section-height-default\" data-id=\"5e95878\" data-element_type=\"section\">\n\t\t\t\t\t\t<div class=\"elementor-container elementor-column-gap-wider\">\n\t\t\t\t\t<div class=\"elementor-column elementor-col-100 elementor-top-column elementor-element elementor-element-17eb537\" data-id=\"17eb537\" data-element_type=\"column\">\n\t\t\t<div class=\"elementor-widget-wrap elementor-element-populated\">\n\t\t\t\t\t\t<div class=\"elementor-element elementor-element-609f0a3 elementor-widget elementor-widget-text-editor\" data-id=\"609f0a3\" data-element_type=\"widget\" data-widget_type=\"text-editor.default\">\n\t\t\t\t<div class=\"elementor-widget-container\">\n\t\t\t\t\t\t\t<p>Eine \u00dcbersetzung ist die schriftliche \u00dcbertragung eines Textes von einer Sprache in eine andere. Um die \u00dcbersetzung zu perfektionieren, ist es wichtig zu wissen, f\u00fcr wen das Dokument bestimmt ist, wer den Text lesen wird. Es gibt viele Arten von Texten, die \u00fcbersetzt werden k\u00f6nnen, hier sind einige Beispiele: <b> <\/b><\/p>\n\t\t\t\t\t\t<\/div>\n\t\t\t\t<\/div>\n\t\t\t\t\t<\/div>\n\t\t<\/div>\n\t\t\t\t\t<\/div>\n\t\t<\/section>\n\t\t\t\t<section class=\"elementor-section elementor-top-section elementor-element elementor-element-987a41f elementor-section-stretched elementor-section-boxed elementor-section-height-default elementor-section-height-default\" data-id=\"987a41f\" data-element_type=\"section\" data-settings=\"{&quot;stretch_section&quot;:&quot;section-stretched&quot;,&quot;background_background&quot;:&quot;classic&quot;}\">\n\t\t\t\t\t\t<div class=\"elementor-container elementor-column-gap-default\">\n\t\t\t\t\t<div class=\"elementor-column elementor-col-33 elementor-top-column elementor-element elementor-element-40c7737\" data-id=\"40c7737\" data-element_type=\"column\">\n\t\t\t<div class=\"elementor-widget-wrap elementor-element-populated\">\n\t\t\t\t\t\t<div class=\"elementor-element elementor-element-26945f9 elementor-widget elementor-widget-image\" data-id=\"26945f9\" data-element_type=\"widget\" data-widget_type=\"image.default\">\n\t\t\t\t<div class=\"elementor-widget-container\">\n\t\t\t\t\t\t\t\t\t\t\t\t\t<img fetchpriority=\"high\" decoding=\"async\" width=\"682\" height=\"1024\" src=\"https:\/\/gbolognini.com\/wp-content\/uploads\/2024\/08\/Giovanni_Bolognini11-682x1024.jpg\" class=\"attachment-large size-large wp-image-10745\" alt=\"\" srcset=\"https:\/\/gbolognini.com\/wp-content\/uploads\/2024\/08\/Giovanni_Bolognini11-682x1024.jpg 682w, https:\/\/gbolognini.com\/wp-content\/uploads\/2024\/08\/Giovanni_Bolognini11-200x300.jpg 200w, https:\/\/gbolognini.com\/wp-content\/uploads\/2024\/08\/Giovanni_Bolognini11-768x1152.jpg 768w, https:\/\/gbolognini.com\/wp-content\/uploads\/2024\/08\/Giovanni_Bolognini11.jpg 947w\" sizes=\"(max-width: 682px) 100vw, 682px\" \/>\t\t\t\t\t\t\t\t\t\t\t\t\t<\/div>\n\t\t\t\t<\/div>\n\t\t\t\t\t<\/div>\n\t\t<\/div>\n\t\t\t\t<div class=\"elementor-column elementor-col-66 elementor-top-column elementor-element elementor-element-6a8b8d2\" data-id=\"6a8b8d2\" data-element_type=\"column\">\n\t\t\t<div class=\"elementor-widget-wrap elementor-element-populated\">\n\t\t\t\t\t\t<div class=\"elementor-element elementor-element-1c821d8 elementor-widget elementor-widget-text-editor\" data-id=\"1c821d8\" data-element_type=\"widget\" data-widget_type=\"text-editor.default\">\n\t\t\t\t<div class=\"elementor-widget-container\">\n\t\t\t\t\t\t\t<ul>\n<li>Website, E-Mail-Kommunikation, Online-Korrespondenz, Blogs<\/li>\n<li>Untertitel f\u00fcr ein Video<\/li>\n<li>Marketingkommunikation, Brosch\u00fcren, Flyer, Poster, PowerPoint-Pr\u00e4sentationen, Veranstaltungsmaterial, Merchandising<\/li>\n<li>Werbung, Verpackungen, Etiketten<\/li>\n<li>Unternehmensdokumente, Rundschreiben, Datenbl\u00e4tter, Gesch\u00e4ftspr\u00e4sentationen, Briefe, Einladungen, Jahresabschl\u00fcsse, Bilanzen<\/li>\n<li>Technische Dokumente, Prospekte, Bedienungsanleitungen<\/li>\n<li>Dissertationen, B\u00fccher, Aufs\u00e4tze, akademisches Material<\/li>\n<\/ul>\n\t\t\t\t\t\t<\/div>\n\t\t\t\t<\/div>\n\t\t\t\t\t<\/div>\n\t\t<\/div>\n\t\t\t\t\t<\/div>\n\t\t<\/section>\n\t\t\t\t<section class=\"elementor-section elementor-top-section elementor-element elementor-element-2c3212a elementor-section-boxed elementor-section-height-default elementor-section-height-default\" data-id=\"2c3212a\" data-element_type=\"section\">\n\t\t\t\t\t\t<div class=\"elementor-container elementor-column-gap-wider\">\n\t\t\t\t\t<div class=\"elementor-column elementor-col-100 elementor-top-column elementor-element elementor-element-5625e63\" data-id=\"5625e63\" data-element_type=\"column\">\n\t\t\t<div class=\"elementor-widget-wrap elementor-element-populated\">\n\t\t\t\t\t\t<div class=\"elementor-element elementor-element-40a6b47 elementor-widget elementor-widget-text-editor\" data-id=\"40a6b47\" data-element_type=\"widget\" data-widget_type=\"text-editor.default\">\n\t\t\t\t<div class=\"elementor-widget-container\">\n\t\t\t\t\t\t\t<p>Kontaktieren Sie mich, wenn Sie einen Italienisch-\u00dcbersetzer suchen f\u00fcr Deutsch, Englisch, Spanisch oder Franz\u00f6sisch, der auf Marketing, Medizin, Recht und Technik spezialisiert ist. Bei schriftlichen \u00dcbersetzungen arbeitet man nach dem Muttersprachenprinzip, in meinem Fall also ausschlie\u00dflich ins Italienische. Ich kann das von Ihnen ben\u00f6tigte Material aus dem Deutschen, Englischen, Spanischen und Franz\u00f6sischen ins Italienische \u00fcbersetzen, wobei ich sie an den italienischen oder schweizerischen Markt anpasse. Wenn Sie jedoch eine schriftliche \u00dcbersetzung in eine dieser Fremdsprachen ben\u00f6tigen, kann ich Ihnen dank meines Netzwerks an Kontakten helfen, den richtigen Profi zu finden.<\/p>\n\t\t\t\t\t\t<\/div>\n\t\t\t\t<\/div>\n\t\t\t\t<div class=\"elementor-element elementor-element-a23049e elementor-widget elementor-widget-heading\" data-id=\"a23049e\" data-element_type=\"widget\" data-widget_type=\"heading.default\">\n\t\t\t\t<div class=\"elementor-widget-container\">\n\t\t\t<h4 class=\"elementor-heading-title elementor-size-default\">Ben\u00f6tigen Sie eine beglaubigte \u00dcbersetzung? <br>Erl\u00e4utern Sie kurz, was Sie ben\u00f6tigen, und ich kann Ihnen helfen oder einen vertrauensw\u00fcrdigen Kollegen oder eine Kollegin empfehlen.<\/h4>\t\t<\/div>\n\t\t\t\t<\/div>\n\t\t\t\t\t<\/div>\n\t\t<\/div>\n\t\t\t\t\t<\/div>\n\t\t<\/section>\n\t\t\t\t<\/div>\n\t\t","protected":false},"excerpt":{"rendered":"<p>Eine \u00dcbersetzung ist die schriftliche \u00dcbertragung eines Textes von einer Sprache in eine andere. Um die \u00dcbersetzung zu perfektionieren, ist es wichtig zu wissen, f\u00fcr wen das Dokument bestimmt ist, wer den Text lesen wird. Es gibt viele Arten von Texten, die \u00fcbersetzt werden k\u00f6nnen, hier sind einige Beispiele: Website, E-Mail-Kommunikation, Online-Korrespondenz, Blogs Untertitel f\u00fcr&hellip;<\/p>\n","protected":false},"author":1,"featured_media":0,"parent":0,"menu_order":1,"comment_status":"closed","ping_status":"closed","template":"","meta":{"footnotes":""},"class_list":["post-10864","page","type-page","status-publish","hentry"],"_links":{"self":[{"href":"https:\/\/gbolognini.com\/de\/wp-json\/wp\/v2\/pages\/10864"}],"collection":[{"href":"https:\/\/gbolognini.com\/de\/wp-json\/wp\/v2\/pages"}],"about":[{"href":"https:\/\/gbolognini.com\/de\/wp-json\/wp\/v2\/types\/page"}],"author":[{"embeddable":true,"href":"https:\/\/gbolognini.com\/de\/wp-json\/wp\/v2\/users\/1"}],"replies":[{"embeddable":true,"href":"https:\/\/gbolognini.com\/de\/wp-json\/wp\/v2\/comments?post=10864"}],"version-history":[{"count":3,"href":"https:\/\/gbolognini.com\/de\/wp-json\/wp\/v2\/pages\/10864\/revisions"}],"predecessor-version":[{"id":11008,"href":"https:\/\/gbolognini.com\/de\/wp-json\/wp\/v2\/pages\/10864\/revisions\/11008"}],"wp:attachment":[{"href":"https:\/\/gbolognini.com\/de\/wp-json\/wp\/v2\/media?parent=10864"}],"curies":[{"name":"wp","href":"https:\/\/api.w.org\/{rel}","templated":true}]}}