{"id":10819,"date":"2023-10-16T14:03:16","date_gmt":"2023-10-16T12:03:16","guid":{"rendered":"https:\/\/gbolognini.com\/aviso-legal\/"},"modified":"2024-08-06T14:06:53","modified_gmt":"2024-08-06T12:06:53","slug":"aviso-legal","status":"publish","type":"page","link":"https:\/\/gbolognini.com\/en\/aviso-legal\/","title":{"rendered":"Aviso Legal"},"content":{"rendered":"\t\t<div data-elementor-type=\"wp-page\" data-elementor-id=\"10819\" class=\"elementor elementor-10819 elementor-9868\" data-elementor-post-type=\"page\">\n\t\t\t\t\t\t<section class=\"elementor-section elementor-top-section elementor-element elementor-element-55735e67 elementor-section-boxed elementor-section-height-default elementor-section-height-default\" data-id=\"55735e67\" data-element_type=\"section\">\n\t\t\t\t\t\t<div class=\"elementor-container elementor-column-gap-default\">\n\t\t\t\t\t<div class=\"elementor-column elementor-col-100 elementor-top-column elementor-element elementor-element-5d58925c\" data-id=\"5d58925c\" data-element_type=\"column\">\n\t\t\t<div class=\"elementor-widget-wrap elementor-element-populated\">\n\t\t\t\t\t\t<div class=\"elementor-element elementor-element-616abb2f elementor-widget elementor-widget-text-editor\" data-id=\"616abb2f\" data-element_type=\"widget\" data-widget_type=\"text-editor.default\">\n\t\t\t\t<div class=\"elementor-widget-container\">\n\t\t\t\t\t\t\t<h4><b>Titularidad del sitio web. \u00c1mbito de aplicaci\u00f3n<\/b><\/h4><p><b>Giovanni Bolognini (en adelante Giovanni)<\/b>, como aut\u00f3nomo es el titular de esta p\u00e1gina web.<\/p><p>En cumplimiento del art\u00edculo 10 de la Ley 34\/2002, de 11 de julio, de Servicios de la Informaci\u00f3n y Comercio Electr\u00f3nico (LSSI-CE), <b>Giovanni<\/b> le informa de sus datos identificativos:<\/p><ul><li>Denominaci\u00f3n Social: <b>Giovanni Bolognini<\/b><\/li><li><span style=\"background-color: rgba(255, 255, 255, 0); color: var(--the7-base-color); letter-spacing: var(--the7-base-letter-spacing); text-transform: var(--the7-base-text-transform); word-spacing: normal;\">N.I.F: Y8840599B<\/span><\/li><li><p>Andador Campanilla 3 (Esc. 2 \u2013 4\u00b0B), E-50012 Zaragoza<\/p><\/li><li>Tel\u00e9fono: <a href=\"tel:0034638974042\">+34 638 974 042<\/a><\/li><li>Correo electr\u00f3nico a efectos de comunicaci\u00f3n: <a href=\"mailto:gio.bolognini@t-online.de\">gio.bolognini@t-online.de\u00a0<\/a><\/li><\/ul><p>Todas las notificaciones y comunicaciones entre los usuarios y <b>Giovanni<\/b> se considerar\u00e1n eficaces, a todos los efectos, cuando se realicen a trav\u00e9s de correo postal o correo electr\u00f3nico.<\/p><h4><b>\u00a0<\/b><\/h4><h4><b>Condiciones de uso<\/b><\/h4><p>Este documento tiene por objeto facilitar al p\u00fablico informaci\u00f3n general relativa a los servicios que proporcionan la web www.comunidadenergeticaaragon.es\u00a0regulando el acceso y uso, y en general la relaci\u00f3n entre las web \u00a0y los usuarios.\u00a0<\/p><p>La utilizaci\u00f3n de las Web implica su aceptaci\u00f3n plena y sin reservas a todas y cada una de las disposiciones incluidas en el Aviso Legal, sin perjuicio de aquellas particulares que pudieran aplicarse a algunos de los servicios concretos ofrecidos a trav\u00e9s de las Web.<\/p><p>El usuario se compromete a utilizar este servicio sin incurrir en actividades que puedan ser consideradas il\u00edcitas o ilegales, que infrinjan los derechos de\u00a0<b>Giovanni<\/b>\u00a0o de terceros, o que puedan atentar contra la moral o las normas de etiqueta de la red.<\/p><p>Los conflictos que puedan surgir del uso de las web por parte de los usuarios se resolver\u00e1n de acuerdo a la legislaci\u00f3n nacional aplicable frente a los tribunales competentes en la materia, no asumiendo responsabilidades derivadas de actuaciones malintencionadas de terceros, basadas en legislaciones extranjeras que no son aplicables.<\/p><h4><b>\u00a0<\/b><\/h4><h4><b>Usuarios<\/b><\/h4><p>El acceso a las web atribuye a quien lo realiza la condici\u00f3n de usuario y supone la aceptaci\u00f3n plena y sin reservas por parte del usuario de todas y cada una de las presentes condiciones de uso.<\/p><p>El Usuario se compromete a utilizar las Web de conformidad con la ley y con lo indicado en el presente documento. El Usuario se obliga asimismo a abstenerse de utilizar los Sitios Web se\u00f1alados con fines o efectos il\u00edcitos o contrarios a lo establecido en las Condiciones Generales.<\/p><p>La prestaci\u00f3n del servicio tiene car\u00e1cter gratuito.<\/p><h4><b>\u00a0<\/b><\/h4><h4><b>Propiedad intelectual e industrial<\/b><\/h4><p>Los derechos de propiedad intelectual e industrial contenidos en las web, su dise\u00f1o gr\u00e1fico y c\u00f3digos inform\u00e1ticos, as\u00ed como los nombres comerciales, marcas y signos distintivos son titularidad de\u00a0<b>Giovanni<\/b>\u00a0salvo que en las mismas se indique que pertenecen a otro titular. Uso de fotograf\u00edas con indicaciones.<\/p><p>Cualquier reproducci\u00f3n, distribuci\u00f3n, comercializaci\u00f3n o transformaci\u00f3n de los contenidos que no haya sido expresamente autorizada por sus titulares, constituye una infracci\u00f3n de los derechos de propiedad intelectual e industrial protegidos por la Ley.<\/p><h4><b>\u00a0<\/b><\/h4><h4><b>Pol\u00edtica de\u00a0Cookies<\/b><\/h4><p>Las \u201ccookies\u201d constituyen una herramienta empleada por los servidores web para almacenar y recuperar informaci\u00f3n acerca de los usuarios. Para rastrear el comportamiento de los usuarios utilizamos \u201ccookies\u201d, que pueden ser descritos como peque\u00f1os ficheros de datos que se almacenan en el navegador de su ordenador.<\/p><p>Las web utilizan Cookies para funcionar, adaptar y facilitar al m\u00e1ximo la navegaci\u00f3n del usuario. Las Cookies se asocian \u00fanicamente a un usuario an\u00f3nimo y su ordenador\/dispositivo, y no proporcionan referencias que permitan conocer datos personales.<\/p><p>En todo momento el usuario podr\u00e1 acceder a la configuraci\u00f3n de su navegador para modificar y\/o bloquear la instalaci\u00f3n de las Cookies enviadas por la p\u00e1gina web, sin que ello impida al acceso a los contenidos. No obstante, la calidad del funcionamiento de los servicios puede verse afectada.<\/p><p>\u00a0<\/p><div><h3>Accesibilidad<\/h3><p><strong>Declaraci\u00f3n de accesibilidad<\/strong><\/p><\/div><div><div><div><p><b>Giovanni<\/b> se ha comprometido a hacer accesible su sitio web de conformidad con el <a href=\"https:\/\/www.boe.es\/diario_boe\/txt.php?id=BOE-A-2018-12699\" rel=\"noopener\">Real Decreto 1112\/2018<\/a>, de 7 de septiembre, sobre accesibilidad de los sitios web y aplicaciones para dispositivos m\u00f3viles del sector p\u00fablico, publicado en el Bolet\u00edn Oficial del Estado a fecha 19 de septiembre de 2018. Este Real Decreto traspone la\u00a0<a href=\"https:\/\/www.boe.es\/doue\/2016\/327\/L00001-00015.pdf\" rel=\"noopener\">Directiva (UE) 2016\/2012<\/a>\u00a0del Parlamento Europeo y del Consejo.<br \/>La Directiva Europea se basa en la norma\u00a0<a href=\"https:\/\/www.etsi.org\/deliver\/etsi_en\/301500_301599\/301549\/02.01.02_60\/en_301549v020102p.pdf\" rel=\"noopener\">EN 301 549 \u201cRequisitos de accesibilidad de productos y servicios TIC\u201d<\/a>\u00a0y esta, a su vez, es una adaptaci\u00f3n de las Pautas de Accesibilidad para el Contenido Web (<a href=\"http:\/\/www.w3.org\/TR\/2018\/REC-WCAG21-20180605\/\" rel=\"noopener\">WCAG 2.1<\/a>) del W3C.<\/p><p>La presente declaraci\u00f3n de accesibilidad se aplica al sitio web\u00a0<b>gbolognini.com<\/b><\/p><p><strong>Situaci\u00f3n de cumplimiento<\/strong><\/p><p>Este sitio web es\u00a0<strong>parcialmente conforme<\/strong> con el Real Decreto 1112\/2018. Por lo tanto cumple con las bases de Accesibilidad establecidas en el Kit Digital.<\/p><\/div><\/div><\/div><p>Julio de 2024<\/p>\t\t\t\t\t\t<\/div>\n\t\t\t\t<\/div>\n\t\t\t\t\t<\/div>\n\t\t<\/div>\n\t\t\t\t\t<\/div>\n\t\t<\/section>\n\t\t\t\t<\/div>\n\t\t","protected":false},"excerpt":{"rendered":"<p>Titularidad del sitio web. \u00c1mbito de aplicaci\u00f3n Giovanni Bolognini (en adelante Giovanni), como aut\u00f3nomo es el titular de esta p\u00e1gina web. En cumplimiento del art\u00edculo 10 de la Ley 34\/2002, de 11 de julio, de Servicios de la Informaci\u00f3n y Comercio Electr\u00f3nico (LSSI-CE), Giovanni le informa de sus datos identificativos: Denominaci\u00f3n Social: Giovanni Bolognini N.I.F:&hellip;<\/p>\n","protected":false},"author":1,"featured_media":0,"parent":0,"menu_order":0,"comment_status":"closed","ping_status":"closed","template":"","meta":{"footnotes":""},"class_list":["post-10819","page","type-page","status-publish","hentry"],"_links":{"self":[{"href":"https:\/\/gbolognini.com\/en\/wp-json\/wp\/v2\/pages\/10819"}],"collection":[{"href":"https:\/\/gbolognini.com\/en\/wp-json\/wp\/v2\/pages"}],"about":[{"href":"https:\/\/gbolognini.com\/en\/wp-json\/wp\/v2\/types\/page"}],"author":[{"embeddable":true,"href":"https:\/\/gbolognini.com\/en\/wp-json\/wp\/v2\/users\/1"}],"replies":[{"embeddable":true,"href":"https:\/\/gbolognini.com\/en\/wp-json\/wp\/v2\/comments?post=10819"}],"version-history":[{"count":2,"href":"https:\/\/gbolognini.com\/en\/wp-json\/wp\/v2\/pages\/10819\/revisions"}],"predecessor-version":[{"id":10821,"href":"https:\/\/gbolognini.com\/en\/wp-json\/wp\/v2\/pages\/10819\/revisions\/10821"}],"wp:attachment":[{"href":"https:\/\/gbolognini.com\/en\/wp-json\/wp\/v2\/media?parent=10819"}],"curies":[{"name":"wp","href":"https:\/\/api.w.org\/{rel}","templated":true}]}}