{"id":10824,"date":"2023-10-16T14:03:29","date_gmt":"2023-10-16T13:03:29","guid":{"rendered":"https:\/\/gbolognini.com\/politica-de-cookies\/"},"modified":"2023-10-16T14:03:29","modified_gmt":"2023-10-16T13:03:29","slug":"politica-de-cookies","status":"publish","type":"page","link":"https:\/\/gbolognini.com\/es\/politica-de-cookies\/","title":{"rendered":"Pol\u00edtica de Cookies"},"content":{"rendered":"\t\t<div data-elementor-type=\"wp-page\" data-elementor-id=\"10824\" class=\"elementor elementor-10824 elementor-9870\" data-elementor-post-type=\"page\">\n\t\t\t\t\t\t<section class=\"elementor-section elementor-top-section elementor-element elementor-element-55735e67 elementor-section-boxed elementor-section-height-default elementor-section-height-default\" data-id=\"55735e67\" data-element_type=\"section\">\n\t\t\t\t\t\t<div class=\"elementor-container elementor-column-gap-default\">\n\t\t\t\t\t<div class=\"elementor-column elementor-col-100 elementor-top-column elementor-element elementor-element-5d58925c\" data-id=\"5d58925c\" data-element_type=\"column\">\n\t\t\t<div class=\"elementor-widget-wrap elementor-element-populated\">\n\t\t\t\t\t\t<div class=\"elementor-element elementor-element-616abb2f elementor-widget elementor-widget-text-editor\" data-id=\"616abb2f\" data-element_type=\"widget\" data-widget_type=\"text-editor.default\">\n\t\t\t\t<div class=\"elementor-widget-container\">\n\t\t\t\t\t\t\t<p>Una cookie es un dato que se almacena en su dispositivo, ya sea un ordenador, tel\u00e9fono m\u00f3vil o tableta, cuando visita una p\u00e1gina web o una aplicaci\u00f3n. Las cookies funcionan para que su experiencia de navegaci\u00f3n sea fluida; recuerdan sus preferencias, por lo que no es necesario que introduzca sus datos una y otra vez.<\/p><p>Existen diferentes tipos de cookies.<\/p><p>Nuestro sitio web utiliza cookies para analizar el uso del sitio web y hacer posible compartir contenido a trav\u00e9s de las redes sociales. Algunas de estas cookies provienen directamente de nuestro sitio web y otras son colocadas por terceros.<\/p><p>Las cookies se pueden almacenar durante diferentes per\u00edodos de tiempo en su navegador o dispositivo. Las cookies de sesi\u00f3n se eliminan de su computadora o dispositivo cuando cierra su navegador web. Las cookies persistentes permanecer\u00e1n almacenadas en su computadora o dispositivo hasta que se eliminen o hasta que alcancen su fecha de caducidad.<\/p><p>Nuestro sitio web utiliza cookies de identificaci\u00f3n de sesi\u00f3n para formularios de registro, cuestionarios y encuestas y para acceder a \u00e1reas protegidas por contrase\u00f1a. Tambi\u00e9n utilizamos una cookie persistente para identificar su preferencia por el texto o la vista gr\u00e1fica de nuestro sitio web.<\/p><p>Podemos distinguir cuatro tipos de cookies en el sitio web <b>gbolognini.com<\/b>:<\/p><p><strong><u>Cookies funcionales (necesarias)<\/u><\/strong><\/p><p>Esta categor\u00eda de cookies es necesaria para garantizar que el sitio web funcione correctamente. Las cookies necesarias ayudan a que un sitio web sea utilizable al habilitar funciones b\u00e1sicas como la navegaci\u00f3n de p\u00e1ginas y el acceso a \u00e1reas seguras del sitio web. El sitio web no puede funcionar correctamente sin estas cookies y no necesitan el consentimiento del usuario.<\/p><p><strong><u>Cookies de preferencia<\/u><\/strong><\/p><p>Las cookies de preferencia permiten que un sitio web recuerde informaci\u00f3n que cambia la forma en que se comporta o ve el usuario el sitio web, como su idioma preferido o la regi\u00f3n en la que se encuentra.\u00a0<em>Se requiere su consentimiento previo para utilizar estas cookies<\/em>.<\/p><p><strong><u>Cookies de estad\u00edsticas<\/u><\/strong><\/p><p>Las cookies estad\u00edsticas ayudan a los propietarios de sitios web a comprender c\u00f3mo los visitantes interact\u00faan con los sitios web mediante la recopilaci\u00f3n y presentaci\u00f3n de informaci\u00f3n de forma an\u00f3nima.\u00a0<em>Se requiere el consentimiento previo del usuario para utilizar estas cookies.<\/em><\/p><p><strong><u>Cookies de marketing<\/u><\/strong><\/p><p>Las cookies de marketing se utilizan para rastrear a los visitantes en los sitios web. La intenci\u00f3n es mostrar anuncios que sean relevantes y atractivos para el usuario individual y, por lo tanto, m\u00e1s valiosos para los editores y anunciantes externos.\u00a0<em>Se requiere su consentimiento previo para utilizar estas cookies.<\/em><\/p><p>Adem\u00e1s, existen algunas cookies no clasificadas. \u00c9stas son cookies que estamos en proceso de clasificar, junto con los proveedores de cookies individuales.<\/p><h4><strong>\u00a0<\/strong><\/h4><h4><strong>Aceptar o rechazar cookies<\/strong><\/h4><p>Cuando Vd. visita nuestro sitio web por primera vez, un banner le informa del uso de cookies y proporciona un enlace directo a esta p\u00e1gina de informaci\u00f3n. El banner se muestra en cada p\u00e1gina, si contin\u00faa navegando por el sitio web hasta que confirme su aceptaci\u00f3n de las cookies. Una vez aceptado, el banner ya no se mostrar\u00e1 en su pantalla.<\/p><p>Vd. puede elegir en cualquier momento eliminar o deshabilitar todas o parte de estas cookies utilizando su navegador, en una etapa posterior utilizando el enlace a continuaci\u00f3n en esta p\u00e1gina, excepto las cookies necesarias que son necesarias para que el sitio web funcione.<\/p><h4><strong>\u00a0<\/strong><\/h4><h4><strong>Configuraci\u00f3n del navegador para administrar cookies<\/strong><\/h4><p>Si no desea que nuestro sitio web almacene cookies en su dispositivo, puede cambiar la configuraci\u00f3n de su navegador para recibir una advertencia antes de que se almacenen determinadas cookies. Tambi\u00e9n puede ajustar su configuraci\u00f3n para que su navegador rechace la mayor\u00eda de nuestras cookies o solo ciertas cookies de terceros. Tambi\u00e9n puede retirar su consentimiento a las cookies eliminando las cookies que ya se han almacenado.<\/p><p><b>Para conseguir esto, Vd. debe:<\/b><\/p><ol><li>Ir a la configuraci\u00f3n de su navegador.<\/li><li>Para eliminar las cookies existentes: Vaya al historial de navegaci\u00f3n y seleccione los criterios para eliminar los datos de navegaci\u00f3n (incluye la opci\u00f3n para seleccionar -cookies, datos de formulario, contrase\u00f1as, etc.)<\/li><li>Adem\u00e1s, puede optar por eliminar las cookies de la \u00faltima hora, 1 d\u00eda, todas, etc.<\/li><\/ol><p>Todos los navegadores tambi\u00e9n ofrecen la opci\u00f3n de establecer condiciones previas para la gesti\u00f3n de cookies que se pueden encontrar en la configuraci\u00f3n de cookies (la redacci\u00f3n puede diferir) Por ejemplo: Permitir siempre que los sitios web guarden cookies, guardar las cookies solo hasta que la sesi\u00f3n est\u00e9 activa, o las cookies deben eliminarse una vez que el usuario sale del navegador, etc.<\/p><p>Los procedimientos para cambiar la configuraci\u00f3n y las cookies difieren de un navegador a otro. Si es necesario, utilice la funci\u00f3n de ayuda de su navegador o haga clic en uno de los enlaces a continuaci\u00f3n para ir directamente al manual de usuario de su navegador.<\/p><p><a href=\"https:\/\/support.microsoft.com\/en-in\/help\/278835\/how-to-delete-cookie-files-in-internet-explorer\" target=\"_blank\" rel=\"noopener\">Internet Explorer<\/a><br \/><a href=\"https:\/\/support.mozilla.org\/en-US\/kb\/delete-cookies-remove-info-websites-stored%22\" target=\"_blank\" rel=\"noopener\">Mozilla Firefox<\/a><br \/><a href=\"https:\/\/support.google.com\/chrome\/answer\/95647?co=GENIE.Platform=Desktop&amp;hl=en%22%20%5Ct%20%22_blank\" target=\"_blank\" rel=\"noopener\">Google Chrome<\/a><br \/><a href=\"https:\/\/support.apple.com\/kb\/ph21411?locale=es_ES\" target=\"_blank\" rel=\"noopener\">Safari<\/a><br \/><a href=\"https:\/\/help.opera.com\/en\/latest\/web-preferences\/\" target=\"_blank\" rel=\"noopener\">Opera<\/a><\/p><p>Si utiliza diferentes dispositivos para ver y acceder al sitio web comunidadenergeticaaragon.es\u00a0(por ejemplo, su ordenador, tel\u00e9fono m\u00f3vil, tableta), debe asegurarse de que cada navegador en cada dispositivo est\u00e9 ajustado para adaptarse a sus preferencias de cookies.Si desactiva las cookies que usamos, esto puede afectar su experiencia mientras est\u00e1 en el sitio web, por ejemplo, es posible que no pueda visitar ciertas \u00e1reas de un sitio web.<\/p><p>Si tiene alguna pregunta o comentario sobre la pol\u00edtica de cookies de comunidadenergeticaaragon.es o el procesamiento de sus datos personales, comun\u00edquese con\u00a0<strong><a href=\"mailto:info@gbolognini.com\">i<\/a>nfo@<span style=\"background-color: rgba(255, 255, 255, 0); color: var(--the7-base-color); letter-spacing: var(--the7-base-letter-spacing); text-transform: var(--the7-base-text-transform); word-spacing: normal;\">gbolognini.com<\/span><\/strong><span style=\"background-color: rgba(255, 255, 255, 0); color: var(--the7-base-color); letter-spacing: var(--the7-base-letter-spacing); text-transform: var(--the7-base-text-transform); word-spacing: normal;\">.<\/span><\/p>\t\t\t\t\t\t<\/div>\n\t\t\t\t<\/div>\n\t\t\t\t\t<\/div>\n\t\t<\/div>\n\t\t\t\t\t<\/div>\n\t\t<\/section>\n\t\t\t\t<\/div>\n\t\t","protected":false},"excerpt":{"rendered":"<p>Una cookie es un dato que se almacena en su dispositivo, ya sea un ordenador, tel\u00e9fono m\u00f3vil o tableta, cuando visita una p\u00e1gina web o una aplicaci\u00f3n. Las cookies funcionan para que su experiencia de navegaci\u00f3n sea fluida; recuerdan sus preferencias, por lo que no es necesario que introduzca sus datos una y otra vez.&hellip;<\/p>\n","protected":false},"author":1,"featured_media":0,"parent":0,"menu_order":0,"comment_status":"closed","ping_status":"closed","template":"","meta":{"footnotes":""},"class_list":["post-10824","page","type-page","status-publish","hentry"],"_links":{"self":[{"href":"https:\/\/gbolognini.com\/es\/wp-json\/wp\/v2\/pages\/10824"}],"collection":[{"href":"https:\/\/gbolognini.com\/es\/wp-json\/wp\/v2\/pages"}],"about":[{"href":"https:\/\/gbolognini.com\/es\/wp-json\/wp\/v2\/types\/page"}],"author":[{"embeddable":true,"href":"https:\/\/gbolognini.com\/es\/wp-json\/wp\/v2\/users\/1"}],"replies":[{"embeddable":true,"href":"https:\/\/gbolognini.com\/es\/wp-json\/wp\/v2\/comments?post=10824"}],"version-history":[{"count":0,"href":"https:\/\/gbolognini.com\/es\/wp-json\/wp\/v2\/pages\/10824\/revisions"}],"wp:attachment":[{"href":"https:\/\/gbolognini.com\/es\/wp-json\/wp\/v2\/media?parent=10824"}],"curies":[{"name":"wp","href":"https:\/\/api.w.org\/{rel}","templated":true}]}}