{"id":10830,"date":"2024-06-12T14:29:13","date_gmt":"2024-06-12T12:29:13","guid":{"rendered":"https:\/\/gbolognini.com\/chi-sono\/"},"modified":"2024-09-02T13:34:21","modified_gmt":"2024-09-02T11:34:21","slug":"quien-soy","status":"publish","type":"page","link":"https:\/\/gbolognini.com\/es\/quien-soy\/","title":{"rendered":"Qui\u00e9n soy"},"content":{"rendered":"\t\t<div data-elementor-type=\"wp-page\" data-elementor-id=\"10830\" class=\"elementor elementor-10830 elementor-10304\" data-elementor-post-type=\"page\">\n\t\t\t\t\t\t<section class=\"elementor-section elementor-top-section elementor-element elementor-element-aa99b54 elementor-section-boxed elementor-section-height-default elementor-section-height-default\" data-id=\"aa99b54\" data-element_type=\"section\">\n\t\t\t\t\t\t<div class=\"elementor-container elementor-column-gap-default\">\n\t\t\t\t\t<div class=\"elementor-column elementor-col-100 elementor-top-column elementor-element elementor-element-d9dc6af\" data-id=\"d9dc6af\" data-element_type=\"column\">\n\t\t\t<div class=\"elementor-widget-wrap elementor-element-populated\">\n\t\t\t\t\t\t<div class=\"elementor-element elementor-element-fa7ebaf elementor-widget elementor-widget-heading\" data-id=\"fa7ebaf\" data-element_type=\"widget\" data-widget_type=\"heading.default\">\n\t\t\t\t<div class=\"elementor-widget-container\">\n\t\t\t<h2 class=\"elementor-heading-title elementor-size-default\">Italia, Alemania, Espa\u00f1a\u2026 Conoce mi trayectoria<\/h2>\t\t<\/div>\n\t\t\t\t<\/div>\n\t\t\t\t<div class=\"elementor-element elementor-element-83ec3fd elementor-widget elementor-widget-text-editor\" data-id=\"83ec3fd\" data-element_type=\"widget\" data-widget_type=\"text-editor.default\">\n\t\t\t\t<div class=\"elementor-widget-container\">\n\t\t\t\t\t\t\t<p>\u00a1Hola! Soy Giovanni, traductor e int\u00e9rprete de italiano, espa\u00f1ol, alem\u00e1n, ingl\u00e9s y franc\u00e9s. Emprend\u00ed mi viaje en Italia, con una pasi\u00f3n por los idiomas desde bien peque\u00f1o. Estudi\u00e9 la carrera de Mediaci\u00f3n Ling\u00fc\u00edstica y Cultural en la Universidad de Mil\u00e1n. Continu\u00e9 mis estudios en Alemania, en la Universidad Johannes Gutenberg de Mainz, donde curs\u00e9 el m\u00e1ster de Interpretaci\u00f3n de Conferencias. En Alemania empec\u00e9 mi actividad como traductor e int\u00e9rprete de italiano freelance en el mercado privado. Viv\u00ed 12 a\u00f1os en Alemania, donde pude conocer de cerca la realidad de la interpretaci\u00f3n y la traducci\u00f3n en el entorno de habla alemana. Fue un per\u00edodo crucial para perfeccionar las estrategias y conocimientos que hab\u00eda adquirido durante los estudios. Adem\u00e1s, otras estancias en Europa, entre las que podr\u00eda destacar las del Reino Unido y Noruega, me permitieron entrar en contacto con realidades nuevas y apasionantes y ampliar mi red de contactos.<\/p>\n\t\t\t\t\t\t<\/div>\n\t\t\t\t<\/div>\n\t\t\t\t\t<\/div>\n\t\t<\/div>\n\t\t\t\t\t<\/div>\n\t\t<\/section>\n\t\t\t\t<section class=\"elementor-section elementor-top-section elementor-element elementor-element-3f2f385 elementor-section-boxed elementor-section-height-default elementor-section-height-default\" data-id=\"3f2f385\" data-element_type=\"section\">\n\t\t\t\t\t\t<div class=\"elementor-container elementor-column-gap-wider\">\n\t\t\t\t\t<div class=\"elementor-column elementor-col-50 elementor-top-column elementor-element elementor-element-656979b\" data-id=\"656979b\" data-element_type=\"column\">\n\t\t\t<div class=\"elementor-widget-wrap elementor-element-populated\">\n\t\t\t\t\t\t<div class=\"elementor-element elementor-element-1f38af1 elementor-widget elementor-widget-image\" data-id=\"1f38af1\" data-element_type=\"widget\" data-widget_type=\"image.default\">\n\t\t\t\t<div class=\"elementor-widget-container\">\n\t\t\t\t\t\t\t\t\t\t\t\t\t<img fetchpriority=\"high\" decoding=\"async\" width=\"682\" height=\"1024\" src=\"https:\/\/gbolognini.com\/wp-content\/uploads\/2024\/08\/Giovanni_Bolognini10-682x1024.jpg\" class=\"attachment-large size-large wp-image-10741\" alt=\"\" srcset=\"https:\/\/gbolognini.com\/wp-content\/uploads\/2024\/08\/Giovanni_Bolognini10-682x1024.jpg 682w, https:\/\/gbolognini.com\/wp-content\/uploads\/2024\/08\/Giovanni_Bolognini10-200x300.jpg 200w, https:\/\/gbolognini.com\/wp-content\/uploads\/2024\/08\/Giovanni_Bolognini10-768x1153.jpg 768w, https:\/\/gbolognini.com\/wp-content\/uploads\/2024\/08\/Giovanni_Bolognini10.jpg 1020w\" sizes=\"(max-width: 682px) 100vw, 682px\" \/>\t\t\t\t\t\t\t\t\t\t\t\t\t<\/div>\n\t\t\t\t<\/div>\n\t\t\t\t\t<\/div>\n\t\t<\/div>\n\t\t\t\t<div class=\"elementor-column elementor-col-50 elementor-top-column elementor-element elementor-element-b2e9246\" data-id=\"b2e9246\" data-element_type=\"column\">\n\t\t\t<div class=\"elementor-widget-wrap elementor-element-populated\">\n\t\t\t\t\t\t<div class=\"elementor-element elementor-element-1718d4c elementor-widget elementor-widget-text-editor\" data-id=\"1718d4c\" data-element_type=\"widget\" data-widget_type=\"text-editor.default\">\n\t\t\t\t<div class=\"elementor-widget-container\">\n\t\t\t\t\t\t\t<h4><span style=\"color: #ff0000;\"><strong>Formaci\u00f3n<\/strong><\/span><\/h4>\n<ul>\n<li><strong>2010-2013:<\/strong> Licenciatura en Mediaci\u00f3n Ling\u00fc\u00edstica y Cultural, Universidad de Mil\u00e1n<\/li>\n<li><strong>2013-2015:<\/strong> M\u00e1ster en Interpretaci\u00f3n de Conferencias, Universidad Johannes Gutenberg de Mainz (Germersheim)<\/li>\n<li><strong>2018: <\/strong> nombramiento como int\u00e9rprete jurado de alem\u00e1n&lt;&gt;italiano en el Estado de Baden-W\u00fcrttemberg (Tribunal de Heidelberg)<\/li>\n<li><strong>2021:<\/strong> nombramiento como traductor jurado de alem\u00e1n&lt;&gt;italiano para el Estado de Baden-W\u00fcrttemberg (Tribunal de Heidelberg)<\/li>\n<li><strong>2022: <\/strong> formaci\u00f3n sobre MTPE (posedici\u00f3n de traducci\u00f3n autom\u00e1tica completa y posedici\u00f3n de traducci\u00f3n autom\u00e1tica ligera)<\/li>\n<\/ul>\n\t\t\t\t\t\t<\/div>\n\t\t\t\t<\/div>\n\t\t\t\t\t<\/div>\n\t\t<\/div>\n\t\t\t\t\t<\/div>\n\t\t<\/section>\n\t\t\t\t<section class=\"elementor-section elementor-top-section elementor-element elementor-element-c3908f7 elementor-section-boxed elementor-section-height-default elementor-section-height-default\" data-id=\"c3908f7\" data-element_type=\"section\" data-settings=\"{&quot;background_background&quot;:&quot;classic&quot;}\">\n\t\t\t\t\t\t<div class=\"elementor-container elementor-column-gap-wider\">\n\t\t\t\t\t<div class=\"elementor-column elementor-col-50 elementor-top-column elementor-element elementor-element-39e1a6e\" data-id=\"39e1a6e\" data-element_type=\"column\">\n\t\t\t<div class=\"elementor-widget-wrap elementor-element-populated\">\n\t\t\t\t\t\t<section class=\"elementor-section elementor-inner-section elementor-element elementor-element-429cbc1 elementor-section-boxed elementor-section-height-default elementor-section-height-default\" data-id=\"429cbc1\" data-element_type=\"section\">\n\t\t\t\t\t\t<div class=\"elementor-container elementor-column-gap-default\">\n\t\t\t\t\t<div class=\"elementor-column elementor-col-33 elementor-inner-column elementor-element elementor-element-acb5255\" data-id=\"acb5255\" data-element_type=\"column\">\n\t\t\t<div class=\"elementor-widget-wrap elementor-element-populated\">\n\t\t\t\t\t\t<div class=\"elementor-element elementor-element-ca0a059 elementor-align-center elementor-widget elementor-widget-the7_icon_widget\" data-id=\"ca0a059\" data-element_type=\"widget\" data-widget_type=\"the7_icon_widget.default\">\n\t\t\t\t<div class=\"elementor-widget-container\">\n\t\t\t<div class=\"the7-icon-wrapper the7-elementor-widget\"><div class=\"elementor-icon\"><i aria-hidden=\"true\" class=\"fas fa-bookmark\"><\/i><\/div><\/div>\t\t<\/div>\n\t\t\t\t<\/div>\n\t\t\t\t<div class=\"elementor-element elementor-element-94b45fa elementor-widget elementor-widget-text-editor\" data-id=\"94b45fa\" data-element_type=\"widget\" data-widget_type=\"text-editor.default\">\n\t\t\t\t<div class=\"elementor-widget-container\">\n\t\t\t\t\t\t\t<h3 style=\"text-align: center;\"><strong>+10<\/strong><\/h3>\n\t\t\t\t\t\t<\/div>\n\t\t\t\t<\/div>\n\t\t\t\t<div class=\"elementor-element elementor-element-4ea276c elementor-widget elementor-widget-text-editor\" data-id=\"4ea276c\" data-element_type=\"widget\" data-widget_type=\"text-editor.default\">\n\t\t\t\t<div class=\"elementor-widget-container\">\n\t\t\t\t\t\t\t<p style=\"text-align: center;\">a\u00f1os de experiencia<\/p>\n\t\t\t\t\t\t<\/div>\n\t\t\t\t<\/div>\n\t\t\t\t\t<\/div>\n\t\t<\/div>\n\t\t\t\t<div class=\"elementor-column elementor-col-33 elementor-inner-column elementor-element elementor-element-7f82c3b\" data-id=\"7f82c3b\" data-element_type=\"column\">\n\t\t\t<div class=\"elementor-widget-wrap elementor-element-populated\">\n\t\t\t\t\t\t<div class=\"elementor-element elementor-element-98219e8 elementor-align-center elementor-widget elementor-widget-the7_icon_widget\" data-id=\"98219e8\" data-element_type=\"widget\" data-widget_type=\"the7_icon_widget.default\">\n\t\t\t\t<div class=\"elementor-widget-container\">\n\t\t\t<div class=\"the7-icon-wrapper the7-elementor-widget\"><div class=\"elementor-icon\"><i aria-hidden=\"true\" class=\"fas fa-people-arrows\"><\/i><\/div><\/div>\t\t<\/div>\n\t\t\t\t<\/div>\n\t\t\t\t<div class=\"elementor-element elementor-element-b98cb0c elementor-widget elementor-widget-text-editor\" data-id=\"b98cb0c\" data-element_type=\"widget\" data-widget_type=\"text-editor.default\">\n\t\t\t\t<div class=\"elementor-widget-container\">\n\t\t\t\t\t\t\t<h3 style=\"text-align: center;\"><strong>+60<\/strong><\/h3>\n\t\t\t\t\t\t<\/div>\n\t\t\t\t<\/div>\n\t\t\t\t<div class=\"elementor-element elementor-element-05e9bb1 elementor-widget elementor-widget-text-editor\" data-id=\"05e9bb1\" data-element_type=\"widget\" data-widget_type=\"text-editor.default\">\n\t\t\t\t<div class=\"elementor-widget-container\">\n\t\t\t\t\t\t\t<p style=\"text-align: center;\">clientes<\/p>\n\t\t\t\t\t\t<\/div>\n\t\t\t\t<\/div>\n\t\t\t\t\t<\/div>\n\t\t<\/div>\n\t\t\t\t<div class=\"elementor-column elementor-col-33 elementor-inner-column elementor-element elementor-element-638a9e4\" data-id=\"638a9e4\" data-element_type=\"column\">\n\t\t\t<div class=\"elementor-widget-wrap elementor-element-populated\">\n\t\t\t\t\t\t<div class=\"elementor-element elementor-element-47246c3 elementor-align-center elementor-widget elementor-widget-the7_icon_widget\" data-id=\"47246c3\" data-element_type=\"widget\" data-widget_type=\"the7_icon_widget.default\">\n\t\t\t\t<div class=\"elementor-widget-container\">\n\t\t\t<div class=\"the7-icon-wrapper the7-elementor-widget\"><div class=\"elementor-icon\"><i aria-hidden=\"true\" class=\"fas fa-project-diagram\"><\/i><\/div><\/div>\t\t<\/div>\n\t\t\t\t<\/div>\n\t\t\t\t<div class=\"elementor-element elementor-element-f75b548 elementor-widget elementor-widget-text-editor\" data-id=\"f75b548\" data-element_type=\"widget\" data-widget_type=\"text-editor.default\">\n\t\t\t\t<div class=\"elementor-widget-container\">\n\t\t\t\t\t\t\t<h3 style=\"text-align: center;\"><strong>+160<\/strong><\/h3>\n\t\t\t\t\t\t<\/div>\n\t\t\t\t<\/div>\n\t\t\t\t<div class=\"elementor-element elementor-element-c895b3f elementor-widget elementor-widget-text-editor\" data-id=\"c895b3f\" data-element_type=\"widget\" data-widget_type=\"text-editor.default\">\n\t\t\t\t<div class=\"elementor-widget-container\">\n\t\t\t\t\t\t\t<p style=\"text-align: center;\">proyectos<\/p>\n\t\t\t\t\t\t<\/div>\n\t\t\t\t<\/div>\n\t\t\t\t\t<\/div>\n\t\t<\/div>\n\t\t\t\t\t<\/div>\n\t\t<\/section>\n\t\t\t\t\t<\/div>\n\t\t<\/div>\n\t\t\t\t<div class=\"elementor-column elementor-col-50 elementor-top-column elementor-element elementor-element-bc31fd1\" data-id=\"bc31fd1\" data-element_type=\"column\">\n\t\t\t<div class=\"elementor-widget-wrap elementor-element-populated\">\n\t\t\t\t\t\t<div class=\"elementor-element elementor-element-aa93803 elementor-widget elementor-widget-text-editor\" data-id=\"aa93803\" data-element_type=\"widget\" data-widget_type=\"text-editor.default\">\n\t\t\t\t<div class=\"elementor-widget-container\">\n\t\t\t\t\t\t\t<h4><span style=\"color: #ff0000;\"><strong>Trayectoria profesional<\/strong><\/span><\/h4>\n<ul>\n<li><strong>De 2014 hasta la fecha:<\/strong> traductor e int\u00e9rprete aut\u00f3nomo<\/li>\n<li><strong>De 2016 hasta la fecha: <\/strong> profesor adjunto en la Universidad Johannes Gutenberg de Mainz (Germersheim) con 2-3 asignaturas por semestre en el M\u00e1ster en Interpretaci\u00f3n de Conferencias de simult\u00e1nea y consecutiva EN&gt;IT y DE&gt;IT<\/li>\n<\/ul>\n\t\t\t\t\t\t<\/div>\n\t\t\t\t<\/div>\n\t\t\t\t\t<\/div>\n\t\t<\/div>\n\t\t\t\t\t<\/div>\n\t\t<\/section>\n\t\t\t\t<\/div>\n\t\t","protected":false},"excerpt":{"rendered":"<p>Italia, Alemania, Espa\u00f1a\u2026 Conoce mi trayectoria \u00a1Hola! Soy Giovanni, traductor e int\u00e9rprete de italiano, espa\u00f1ol, alem\u00e1n, ingl\u00e9s y franc\u00e9s. Emprend\u00ed mi viaje en Italia, con una pasi\u00f3n por los idiomas desde bien peque\u00f1o. Estudi\u00e9 la carrera de Mediaci\u00f3n Ling\u00fc\u00edstica y Cultural en la Universidad de Mil\u00e1n. Continu\u00e9 mis estudios en Alemania, en la Universidad Johannes&hellip;<\/p>\n","protected":false},"author":1,"featured_media":0,"parent":0,"menu_order":1,"comment_status":"closed","ping_status":"closed","template":"","meta":{"footnotes":""},"class_list":["post-10830","page","type-page","status-publish","hentry"],"_links":{"self":[{"href":"https:\/\/gbolognini.com\/es\/wp-json\/wp\/v2\/pages\/10830"}],"collection":[{"href":"https:\/\/gbolognini.com\/es\/wp-json\/wp\/v2\/pages"}],"about":[{"href":"https:\/\/gbolognini.com\/es\/wp-json\/wp\/v2\/types\/page"}],"author":[{"embeddable":true,"href":"https:\/\/gbolognini.com\/es\/wp-json\/wp\/v2\/users\/1"}],"replies":[{"embeddable":true,"href":"https:\/\/gbolognini.com\/es\/wp-json\/wp\/v2\/comments?post=10830"}],"version-history":[{"count":4,"href":"https:\/\/gbolognini.com\/es\/wp-json\/wp\/v2\/pages\/10830\/revisions"}],"predecessor-version":[{"id":11044,"href":"https:\/\/gbolognini.com\/es\/wp-json\/wp\/v2\/pages\/10830\/revisions\/11044"}],"wp:attachment":[{"href":"https:\/\/gbolognini.com\/es\/wp-json\/wp\/v2\/media?parent=10830"}],"curies":[{"name":"wp","href":"https:\/\/api.w.org\/{rel}","templated":true}]}}