{"id":10841,"date":"2024-07-25T12:23:59","date_gmt":"2024-07-25T10:23:59","guid":{"rendered":"https:\/\/gbolognini.com\/interpretazione\/"},"modified":"2024-08-07T13:56:13","modified_gmt":"2024-08-07T11:56:13","slug":"interpretacion","status":"publish","type":"page","link":"https:\/\/gbolognini.com\/es\/interpretacion\/","title":{"rendered":"Interpretaci\u00f3n"},"content":{"rendered":"\t\t<div data-elementor-type=\"wp-page\" data-elementor-id=\"10841\" class=\"elementor elementor-10841 elementor-10537\" data-elementor-post-type=\"page\">\n\t\t\t\t\t\t<section class=\"elementor-section elementor-top-section elementor-element elementor-element-2ac8fca elementor-section-boxed elementor-section-height-default elementor-section-height-default\" data-id=\"2ac8fca\" data-element_type=\"section\">\n\t\t\t\t\t\t<div class=\"elementor-container elementor-column-gap-wider\">\n\t\t\t\t\t<div class=\"elementor-column elementor-col-100 elementor-top-column elementor-element elementor-element-d19498e\" data-id=\"d19498e\" data-element_type=\"column\">\n\t\t\t<div class=\"elementor-widget-wrap elementor-element-populated\">\n\t\t\t\t\t\t<div class=\"elementor-element elementor-element-613d599 elementor-widget elementor-widget-text-editor\" data-id=\"613d599\" data-element_type=\"widget\" data-widget_type=\"text-editor.default\">\n\t\t\t\t<div class=\"elementor-widget-container\">\n\t\t\t\t\t\t\t<p>Si quieres seguir un evento en m\u00e1s de un idioma, seguramente necesites un servicio de interpretaci\u00f3n, que consiste en la transmisi\u00f3n oral de un idioma a otro del contenido y, sobre todo, del mensaje y la intenci\u00f3n del orador. El servicio puede ser presencial, en el mismo lugar en el que se desarrolle el evento, o tambi\u00e9n online, con una conexi\u00f3n segura a trav\u00e9s de la plataforma que prefiera el cliente. Escr\u00edbeme si buscas un traductor o int\u00e9rprete de italiano, espa\u00f1ol, alem\u00e1n, ingl\u00e9s o franc\u00e9s, tanto en persona como a distancia.<\/p>\n<p><strong>Existen varios tipos de interpretaci\u00f3n, veamos algunos de ellos:<\/strong><\/p>\n\t\t\t\t\t\t<\/div>\n\t\t\t\t<\/div>\n\t\t\t\t\t<\/div>\n\t\t<\/div>\n\t\t\t\t\t<\/div>\n\t\t<\/section>\n\t\t\t\t<section class=\"elementor-section elementor-top-section elementor-element elementor-element-5f3855c elementor-section-boxed elementor-section-height-default elementor-section-height-default\" data-id=\"5f3855c\" data-element_type=\"section\">\n\t\t\t\t\t\t<div class=\"elementor-container elementor-column-gap-default\">\n\t\t\t\t\t<div class=\"elementor-column elementor-col-20 elementor-top-column elementor-element elementor-element-a0a788a\" data-id=\"a0a788a\" data-element_type=\"column\">\n\t\t\t<div class=\"elementor-widget-wrap elementor-element-populated\">\n\t\t\t\t\t\t<div class=\"elementor-element elementor-element-a5fe8f9 elementor-align-justify elementor-widget elementor-widget-the7_button_widget\" data-id=\"a5fe8f9\" data-element_type=\"widget\" data-widget_type=\"the7_button_widget.default\">\n\t\t\t\t<div class=\"elementor-widget-container\">\n\t\t\t<div class=\"elementor-button-wrapper\"><a href=\"https:\/\/gbolognini.com\/interpretazione-simultanea\/\" class=\"box-button elementor-button elementor-size-lg\">Simult\u00e1nea<\/a><\/div>\t\t<\/div>\n\t\t\t\t<\/div>\n\t\t\t\t\t<\/div>\n\t\t<\/div>\n\t\t\t\t<div class=\"elementor-column elementor-col-20 elementor-top-column elementor-element elementor-element-755701f\" data-id=\"755701f\" data-element_type=\"column\">\n\t\t\t<div class=\"elementor-widget-wrap elementor-element-populated\">\n\t\t\t\t\t\t<div class=\"elementor-element elementor-element-7fb43bc elementor-align-justify elementor-widget elementor-widget-the7_button_widget\" data-id=\"7fb43bc\" data-element_type=\"widget\" data-widget_type=\"the7_button_widget.default\">\n\t\t\t\t<div class=\"elementor-widget-container\">\n\t\t\t<div class=\"elementor-button-wrapper\"><a href=\"https:\/\/gbolognini.com\/interpretazione-consecutiva\/\" class=\"box-button elementor-button elementor-size-lg\">Consecutiva<\/a><\/div>\t\t<\/div>\n\t\t\t\t<\/div>\n\t\t\t\t\t<\/div>\n\t\t<\/div>\n\t\t\t\t<div class=\"elementor-column elementor-col-20 elementor-top-column elementor-element elementor-element-9e4b6e5\" data-id=\"9e4b6e5\" data-element_type=\"column\">\n\t\t\t<div class=\"elementor-widget-wrap elementor-element-populated\">\n\t\t\t\t\t\t<div class=\"elementor-element elementor-element-6d4d8bd elementor-align-justify elementor-widget elementor-widget-the7_button_widget\" data-id=\"6d4d8bd\" data-element_type=\"widget\" data-widget_type=\"the7_button_widget.default\">\n\t\t\t\t<div class=\"elementor-widget-container\">\n\t\t\t<div class=\"elementor-button-wrapper\"><a href=\"https:\/\/gbolognini.com\/interpretazione-trattativa\/\" class=\"box-button elementor-button elementor-size-lg\">De enlace<\/a><\/div>\t\t<\/div>\n\t\t\t\t<\/div>\n\t\t\t\t\t<\/div>\n\t\t<\/div>\n\t\t\t\t<div class=\"elementor-column elementor-col-20 elementor-top-column elementor-element elementor-element-b3006fc\" data-id=\"b3006fc\" data-element_type=\"column\">\n\t\t\t<div class=\"elementor-widget-wrap elementor-element-populated\">\n\t\t\t\t\t\t<div class=\"elementor-element elementor-element-a3b2b54 elementor-align-justify elementor-widget elementor-widget-the7_button_widget\" data-id=\"a3b2b54\" data-element_type=\"widget\" data-widget_type=\"the7_button_widget.default\">\n\t\t\t\t<div class=\"elementor-widget-container\">\n\t\t\t<div class=\"elementor-button-wrapper\"><a href=\"https:\/\/gbolognini.com\/interpretazione-sussurrata\/\" class=\"box-button elementor-button elementor-size-lg\">Susurrada (o chuchotage)<\/a><\/div>\t\t<\/div>\n\t\t\t\t<\/div>\n\t\t\t\t\t<\/div>\n\t\t<\/div>\n\t\t\t\t<div class=\"elementor-column elementor-col-20 elementor-top-column elementor-element elementor-element-a952316\" data-id=\"a952316\" data-element_type=\"column\">\n\t\t\t<div class=\"elementor-widget-wrap elementor-element-populated\">\n\t\t\t\t\t\t<div class=\"elementor-element elementor-element-f5c2726 elementor-align-justify elementor-widget elementor-widget-the7_button_widget\" data-id=\"f5c2726\" data-element_type=\"widget\" data-widget_type=\"the7_button_widget.default\">\n\t\t\t\t<div class=\"elementor-widget-container\">\n\t\t\t<div class=\"elementor-button-wrapper\"><a href=\"https:\/\/gbolognini.com\/interpretazione-da-remoto\/\" class=\"box-button elementor-button elementor-size-lg\">Remota (online)<\/a><\/div>\t\t<\/div>\n\t\t\t\t<\/div>\n\t\t\t\t\t<\/div>\n\t\t<\/div>\n\t\t\t\t\t<\/div>\n\t\t<\/section>\n\t\t\t\t<\/div>\n\t\t","protected":false},"excerpt":{"rendered":"<p>Si quieres seguir un evento en m\u00e1s de un idioma, seguramente necesites un servicio de interpretaci\u00f3n, que consiste en la transmisi\u00f3n oral de un idioma a otro del contenido y, sobre todo, del mensaje y la intenci\u00f3n del orador. El servicio puede ser presencial, en el mismo lugar en el que se desarrolle el evento,&hellip;<\/p>\n","protected":false},"author":1,"featured_media":0,"parent":0,"menu_order":1,"comment_status":"closed","ping_status":"closed","template":"","meta":{"footnotes":""},"class_list":["post-10841","page","type-page","status-publish","hentry"],"_links":{"self":[{"href":"https:\/\/gbolognini.com\/es\/wp-json\/wp\/v2\/pages\/10841"}],"collection":[{"href":"https:\/\/gbolognini.com\/es\/wp-json\/wp\/v2\/pages"}],"about":[{"href":"https:\/\/gbolognini.com\/es\/wp-json\/wp\/v2\/types\/page"}],"author":[{"embeddable":true,"href":"https:\/\/gbolognini.com\/es\/wp-json\/wp\/v2\/users\/1"}],"replies":[{"embeddable":true,"href":"https:\/\/gbolognini.com\/es\/wp-json\/wp\/v2\/comments?post=10841"}],"version-history":[{"count":2,"href":"https:\/\/gbolognini.com\/es\/wp-json\/wp\/v2\/pages\/10841\/revisions"}],"predecessor-version":[{"id":10940,"href":"https:\/\/gbolognini.com\/es\/wp-json\/wp\/v2\/pages\/10841\/revisions\/10940"}],"wp:attachment":[{"href":"https:\/\/gbolognini.com\/es\/wp-json\/wp\/v2\/media?parent=10841"}],"curies":[{"name":"wp","href":"https:\/\/api.w.org\/{rel}","templated":true}]}}