{"id":10847,"date":"2024-08-06T12:45:39","date_gmt":"2024-08-06T10:45:39","guid":{"rendered":"https:\/\/gbolognini.com\/interpretazione-da-remoto\/"},"modified":"2024-08-07T13:58:42","modified_gmt":"2024-08-07T11:58:42","slug":"interpretacion-remota","status":"publish","type":"page","link":"https:\/\/gbolognini.com\/es\/interpretacion-remota\/","title":{"rendered":"Interpretaci\u00f3n remota (online)"},"content":{"rendered":"\t\t<div data-elementor-type=\"wp-page\" data-elementor-id=\"10847\" class=\"elementor elementor-10847 elementor-10694\" data-elementor-post-type=\"page\">\n\t\t\t\t\t\t<section class=\"elementor-section elementor-top-section elementor-element elementor-element-4634047c elementor-section-content-middle elementor-section-boxed elementor-section-height-default elementor-section-height-default\" data-id=\"4634047c\" data-element_type=\"section\">\n\t\t\t\t\t\t<div class=\"elementor-container elementor-column-gap-wider\">\n\t\t\t\t\t<div class=\"elementor-column elementor-col-50 elementor-top-column elementor-element elementor-element-1919361f\" data-id=\"1919361f\" data-element_type=\"column\">\n\t\t\t<div class=\"elementor-widget-wrap elementor-element-populated\">\n\t\t\t\t\t\t<div class=\"elementor-element elementor-element-6164dd84 elementor-widget elementor-widget-image\" data-id=\"6164dd84\" data-element_type=\"widget\" data-widget_type=\"image.default\">\n\t\t\t\t<div class=\"elementor-widget-container\">\n\t\t\t\t\t\t\t\t\t\t\t\t\t<img fetchpriority=\"high\" decoding=\"async\" width=\"1633\" height=\"1089\" src=\"https:\/\/gbolognini.com\/wp-content\/uploads\/2024\/08\/Giovanni_Bolognini04.jpg\" class=\"attachment-full size-full wp-image-10717\" alt=\"\" srcset=\"https:\/\/gbolognini.com\/wp-content\/uploads\/2024\/08\/Giovanni_Bolognini04.jpg 1633w, https:\/\/gbolognini.com\/wp-content\/uploads\/2024\/08\/Giovanni_Bolognini04-300x200.jpg 300w, https:\/\/gbolognini.com\/wp-content\/uploads\/2024\/08\/Giovanni_Bolognini04-1024x683.jpg 1024w, https:\/\/gbolognini.com\/wp-content\/uploads\/2024\/08\/Giovanni_Bolognini04-768x512.jpg 768w, https:\/\/gbolognini.com\/wp-content\/uploads\/2024\/08\/Giovanni_Bolognini04-1536x1024.jpg 1536w\" sizes=\"(max-width: 1633px) 100vw, 1633px\" \/>\t\t\t\t\t\t\t\t\t\t\t\t\t<\/div>\n\t\t\t\t<\/div>\n\t\t\t\t\t<\/div>\n\t\t<\/div>\n\t\t\t\t<div class=\"elementor-column elementor-col-50 elementor-top-column elementor-element elementor-element-437a77d5\" data-id=\"437a77d5\" data-element_type=\"column\">\n\t\t\t<div class=\"elementor-widget-wrap elementor-element-populated\">\n\t\t\t\t\t\t<div class=\"elementor-element elementor-element-693649c1 elementor-widget elementor-widget-text-editor\" data-id=\"693649c1\" data-element_type=\"widget\" data-widget_type=\"text-editor.default\">\n\t\t\t\t<div class=\"elementor-widget-container\">\n\t\t\t\t\t\t\t<p>La interpretaci\u00f3n online es otra modalidad muy utilizada, sobre todo para reuniones de corta duraci\u00f3n o que ya se celebran a distancia. El int\u00e9rprete se conecta a la plataforma utilizada por el cliente, traduce de manera simult\u00e1nea la ponencia, discurso o evento y el p\u00fablico que lo necesita puede escuchar la interpretaci\u00f3n en el otro idioma. En este caso, puedo ayudarte a elegir la plataforma seg\u00fan cu\u00e1les sean tus necesidades y garantizar que tu evento o reuni\u00f3n online se desarrolle de la mejor manera posible con la participaci\u00f3n de todos los presentes.<\/p>\n<p>Si necesitas un int\u00e9rprete online remoto de italiano, espa\u00f1ol, alem\u00e1n, ingl\u00e9s o franc\u00e9s, escr\u00edbeme para que encontremos la mejor soluci\u00f3n.<\/p>\n\t\t\t\t\t\t<\/div>\n\t\t\t\t<\/div>\n\t\t\t\t\t<\/div>\n\t\t<\/div>\n\t\t\t\t\t<\/div>\n\t\t<\/section>\n\t\t\t\t<\/div>\n\t\t","protected":false},"excerpt":{"rendered":"<p>La interpretaci\u00f3n online es otra modalidad muy utilizada, sobre todo para reuniones de corta duraci\u00f3n o que ya se celebran a distancia. El int\u00e9rprete se conecta a la plataforma utilizada por el cliente, traduce de manera simult\u00e1nea la ponencia, discurso o evento y el p\u00fablico que lo necesita puede escuchar la interpretaci\u00f3n en el otro&hellip;<\/p>\n","protected":false},"author":1,"featured_media":0,"parent":0,"menu_order":1,"comment_status":"closed","ping_status":"closed","template":"","meta":{"footnotes":""},"class_list":["post-10847","page","type-page","status-publish","hentry"],"_links":{"self":[{"href":"https:\/\/gbolognini.com\/es\/wp-json\/wp\/v2\/pages\/10847"}],"collection":[{"href":"https:\/\/gbolognini.com\/es\/wp-json\/wp\/v2\/pages"}],"about":[{"href":"https:\/\/gbolognini.com\/es\/wp-json\/wp\/v2\/types\/page"}],"author":[{"embeddable":true,"href":"https:\/\/gbolognini.com\/es\/wp-json\/wp\/v2\/users\/1"}],"replies":[{"embeddable":true,"href":"https:\/\/gbolognini.com\/es\/wp-json\/wp\/v2\/comments?post=10847"}],"version-history":[{"count":2,"href":"https:\/\/gbolognini.com\/es\/wp-json\/wp\/v2\/pages\/10847\/revisions"}],"predecessor-version":[{"id":10942,"href":"https:\/\/gbolognini.com\/es\/wp-json\/wp\/v2\/pages\/10847\/revisions\/10942"}],"wp:attachment":[{"href":"https:\/\/gbolognini.com\/es\/wp-json\/wp\/v2\/media?parent=10847"}],"curies":[{"name":"wp","href":"https:\/\/api.w.org\/{rel}","templated":true}]}}