{"id":10856,"date":"2024-08-06T12:44:08","date_gmt":"2024-08-06T10:44:08","guid":{"rendered":"https:\/\/gbolognini.com\/interpretazione-trattativa\/"},"modified":"2024-09-02T13:35:25","modified_gmt":"2024-09-02T11:35:25","slug":"interpretacion-enlace-2","status":"publish","type":"page","link":"https:\/\/gbolognini.com\/es\/interpretacion-enlace-2\/","title":{"rendered":"Interpretaci\u00f3n de enlace"},"content":{"rendered":"\t\t<div data-elementor-type=\"wp-page\" data-elementor-id=\"10856\" class=\"elementor elementor-10856 elementor-10690\" data-elementor-post-type=\"page\">\n\t\t\t\t\t\t<section class=\"elementor-section elementor-top-section elementor-element elementor-element-3fbf059d elementor-section-content-middle elementor-section-boxed elementor-section-height-default elementor-section-height-default\" data-id=\"3fbf059d\" data-element_type=\"section\">\n\t\t\t\t\t\t<div class=\"elementor-container elementor-column-gap-wider\">\n\t\t\t\t\t<div class=\"elementor-column elementor-col-50 elementor-top-column elementor-element elementor-element-d2f2f8b\" data-id=\"d2f2f8b\" data-element_type=\"column\">\n\t\t\t<div class=\"elementor-widget-wrap elementor-element-populated\">\n\t\t\t\t\t\t<div class=\"elementor-element elementor-element-46428483 elementor-widget elementor-widget-image\" data-id=\"46428483\" data-element_type=\"widget\" data-widget_type=\"image.default\">\n\t\t\t\t<div class=\"elementor-widget-container\">\n\t\t\t\t\t\t\t\t\t\t\t\t\t<img fetchpriority=\"high\" decoding=\"async\" width=\"1506\" height=\"1004\" src=\"https:\/\/gbolognini.com\/wp-content\/uploads\/2024\/08\/Giovanni_Bolognini13.jpg\" class=\"attachment-full size-full wp-image-10753\" alt=\"\" srcset=\"https:\/\/gbolognini.com\/wp-content\/uploads\/2024\/08\/Giovanni_Bolognini13.jpg 1506w, https:\/\/gbolognini.com\/wp-content\/uploads\/2024\/08\/Giovanni_Bolognini13-300x200.jpg 300w, https:\/\/gbolognini.com\/wp-content\/uploads\/2024\/08\/Giovanni_Bolognini13-1024x683.jpg 1024w, https:\/\/gbolognini.com\/wp-content\/uploads\/2024\/08\/Giovanni_Bolognini13-768x512.jpg 768w\" sizes=\"(max-width: 1506px) 100vw, 1506px\" \/>\t\t\t\t\t\t\t\t\t\t\t\t\t<\/div>\n\t\t\t\t<\/div>\n\t\t\t\t\t<\/div>\n\t\t<\/div>\n\t\t\t\t<div class=\"elementor-column elementor-col-50 elementor-top-column elementor-element elementor-element-359e1602\" data-id=\"359e1602\" data-element_type=\"column\">\n\t\t\t<div class=\"elementor-widget-wrap elementor-element-populated\">\n\t\t\t\t\t\t<div class=\"elementor-element elementor-element-166078ac elementor-widget elementor-widget-text-editor\" data-id=\"166078ac\" data-element_type=\"widget\" data-widget_type=\"text-editor.default\">\n\t\t\t\t<div class=\"elementor-widget-container\">\n\t\t\t\t\t\t\t<p>La interpretaci\u00f3n de enlace se utiliza sobre todo en ferias, reuniones para la firma de contratos, escrituras de compraventa, etc. en los que se desarrolla una negociaci\u00f3n. El int\u00e9rprete se sit\u00faa entre el orador (o grupo de oradores) y el receptor del mensaje (persona o grupo de personas con las que se negocia) y traduce de un idioma a otro. Suelen ser encuentros breves, en los que el int\u00e9rprete puede tomar notas o no y traduce de un idioma a otro en funci\u00f3n del desarrollo de la reuni\u00f3n.<\/p>\n<p>Tambi\u00e9n puede ser una buena soluci\u00f3n para una visita a la sede de una empresa, un viaje organizado, etc. en los que se necesite interpretaci\u00f3n. En este caso, se suele utilizar una forma h\u00edbrida entre interpretaci\u00f3n consecutiva e interpretaci\u00f3n de enlace. Puedo ayudarte como traductor e int\u00e9rprete de enlace en ferias.<\/p>\n<p>Si necesitas un int\u00e9rprete para una negociaci\u00f3n en italiano, espa\u00f1ol, alem\u00e1n, ingl\u00e9s o franc\u00e9s como enlace con tus clientes durante una feria o un viaje organizado, no dudes en escribirme para que encontremos la mejor soluci\u00f3n.<\/p>\n\t\t\t\t\t\t<\/div>\n\t\t\t\t<\/div>\n\t\t\t\t\t<\/div>\n\t\t<\/div>\n\t\t\t\t\t<\/div>\n\t\t<\/section>\n\t\t\t\t<\/div>\n\t\t","protected":false},"excerpt":{"rendered":"<p>La interpretaci\u00f3n de enlace se utiliza sobre todo en ferias, reuniones para la firma de contratos, escrituras de compraventa, etc. en los que se desarrolla una negociaci\u00f3n. El int\u00e9rprete se sit\u00faa entre el orador (o grupo de oradores) y el receptor del mensaje (persona o grupo de personas con las que se negocia) y traduce&hellip;<\/p>\n","protected":false},"author":1,"featured_media":0,"parent":0,"menu_order":1,"comment_status":"closed","ping_status":"closed","template":"","meta":{"footnotes":""},"class_list":["post-10856","page","type-page","status-publish","hentry"],"_links":{"self":[{"href":"https:\/\/gbolognini.com\/es\/wp-json\/wp\/v2\/pages\/10856"}],"collection":[{"href":"https:\/\/gbolognini.com\/es\/wp-json\/wp\/v2\/pages"}],"about":[{"href":"https:\/\/gbolognini.com\/es\/wp-json\/wp\/v2\/types\/page"}],"author":[{"embeddable":true,"href":"https:\/\/gbolognini.com\/es\/wp-json\/wp\/v2\/users\/1"}],"replies":[{"embeddable":true,"href":"https:\/\/gbolognini.com\/es\/wp-json\/wp\/v2\/comments?post=10856"}],"version-history":[{"count":3,"href":"https:\/\/gbolognini.com\/es\/wp-json\/wp\/v2\/pages\/10856\/revisions"}],"predecessor-version":[{"id":11004,"href":"https:\/\/gbolognini.com\/es\/wp-json\/wp\/v2\/pages\/10856\/revisions\/11004"}],"wp:attachment":[{"href":"https:\/\/gbolognini.com\/es\/wp-json\/wp\/v2\/media?parent=10856"}],"curies":[{"name":"wp","href":"https:\/\/api.w.org\/{rel}","templated":true}]}}