{"id":10865,"date":"2024-07-25T12:24:24","date_gmt":"2024-07-25T10:24:24","guid":{"rendered":"https:\/\/gbolognini.com\/traduzione\/"},"modified":"2024-09-02T13:37:36","modified_gmt":"2024-09-02T11:37:36","slug":"traduccion","status":"publish","type":"page","link":"https:\/\/gbolognini.com\/es\/traduccion\/","title":{"rendered":"Traducci\u00f3n"},"content":{"rendered":"\t\t<div data-elementor-type=\"wp-page\" data-elementor-id=\"10865\" class=\"elementor elementor-10865 elementor-10539\" data-elementor-post-type=\"page\">\n\t\t\t\t\t\t<section class=\"elementor-section elementor-top-section elementor-element elementor-element-5e95878 elementor-section-boxed elementor-section-height-default elementor-section-height-default\" data-id=\"5e95878\" data-element_type=\"section\">\n\t\t\t\t\t\t<div class=\"elementor-container elementor-column-gap-wider\">\n\t\t\t\t\t<div class=\"elementor-column elementor-col-100 elementor-top-column elementor-element elementor-element-17eb537\" data-id=\"17eb537\" data-element_type=\"column\">\n\t\t\t<div class=\"elementor-widget-wrap elementor-element-populated\">\n\t\t\t\t\t\t<div class=\"elementor-element elementor-element-609f0a3 elementor-widget elementor-widget-text-editor\" data-id=\"609f0a3\" data-element_type=\"widget\" data-widget_type=\"text-editor.default\">\n\t\t\t\t<div class=\"elementor-widget-container\">\n\t\t\t\t\t\t\t<p>La traducci\u00f3n es la transposici\u00f3n escrita de un texto de un idioma a otro. Es importante saber a qui\u00e9n va dirigido el documento y qui\u00e9n va a leer el texto para obtener una traducci\u00f3n perfecta. Se pueden traducir muchos tipos de textos, veamos algunos ejemplos: <b> <\/b><\/p>\n\t\t\t\t\t\t<\/div>\n\t\t\t\t<\/div>\n\t\t\t\t\t<\/div>\n\t\t<\/div>\n\t\t\t\t\t<\/div>\n\t\t<\/section>\n\t\t\t\t<section class=\"elementor-section elementor-top-section elementor-element elementor-element-987a41f elementor-section-stretched elementor-section-boxed elementor-section-height-default elementor-section-height-default\" data-id=\"987a41f\" data-element_type=\"section\" data-settings=\"{&quot;stretch_section&quot;:&quot;section-stretched&quot;,&quot;background_background&quot;:&quot;classic&quot;}\">\n\t\t\t\t\t\t<div class=\"elementor-container elementor-column-gap-default\">\n\t\t\t\t\t<div class=\"elementor-column elementor-col-33 elementor-top-column elementor-element elementor-element-40c7737\" data-id=\"40c7737\" data-element_type=\"column\">\n\t\t\t<div class=\"elementor-widget-wrap elementor-element-populated\">\n\t\t\t\t\t\t<div class=\"elementor-element elementor-element-26945f9 elementor-widget elementor-widget-image\" data-id=\"26945f9\" data-element_type=\"widget\" data-widget_type=\"image.default\">\n\t\t\t\t<div class=\"elementor-widget-container\">\n\t\t\t\t\t\t\t\t\t\t\t\t\t<img fetchpriority=\"high\" decoding=\"async\" width=\"682\" height=\"1024\" src=\"https:\/\/gbolognini.com\/wp-content\/uploads\/2024\/08\/Giovanni_Bolognini11-682x1024.jpg\" class=\"attachment-large size-large wp-image-10745\" alt=\"\" srcset=\"https:\/\/gbolognini.com\/wp-content\/uploads\/2024\/08\/Giovanni_Bolognini11-682x1024.jpg 682w, https:\/\/gbolognini.com\/wp-content\/uploads\/2024\/08\/Giovanni_Bolognini11-200x300.jpg 200w, https:\/\/gbolognini.com\/wp-content\/uploads\/2024\/08\/Giovanni_Bolognini11-768x1152.jpg 768w, https:\/\/gbolognini.com\/wp-content\/uploads\/2024\/08\/Giovanni_Bolognini11.jpg 947w\" sizes=\"(max-width: 682px) 100vw, 682px\" \/>\t\t\t\t\t\t\t\t\t\t\t\t\t<\/div>\n\t\t\t\t<\/div>\n\t\t\t\t\t<\/div>\n\t\t<\/div>\n\t\t\t\t<div class=\"elementor-column elementor-col-66 elementor-top-column elementor-element elementor-element-6a8b8d2\" data-id=\"6a8b8d2\" data-element_type=\"column\">\n\t\t\t<div class=\"elementor-widget-wrap elementor-element-populated\">\n\t\t\t\t\t\t<div class=\"elementor-element elementor-element-1c821d8 elementor-widget elementor-widget-text-editor\" data-id=\"1c821d8\" data-element_type=\"widget\" data-widget_type=\"text-editor.default\">\n\t\t\t\t<div class=\"elementor-widget-container\">\n\t\t\t\t\t\t\t<ul>\n<li>P\u00e1ginas web, comunicaci\u00f3n por correo electr\u00f3nico, correspondencia online, blogs<\/li>\n<li>Subt\u00edtulos para un v\u00eddeo<\/li>\n<li>Comunicaci\u00f3n de marketing, folletos, flyers, carteles, presentaciones de PowerPoint, material para eventos, merchandising<\/li>\n<li>Publicidad, envases, etiquetas<\/li>\n<li>Documentos de empresa, circulares, fichas t\u00e9cnicas, presentaciones de empresa, cartas, invitaciones, cuentas anuales, balances<\/li>\n<li>Documentos t\u00e9cnicos, prospectos, instrucciones<\/li>\n<li>TFM, TFG, libros, ensayos, material acad\u00e9mico<\/li>\n<\/ul>\n\t\t\t\t\t\t<\/div>\n\t\t\t\t<\/div>\n\t\t\t\t\t<\/div>\n\t\t<\/div>\n\t\t\t\t\t<\/div>\n\t\t<\/section>\n\t\t\t\t<section class=\"elementor-section elementor-top-section elementor-element elementor-element-2c3212a elementor-section-boxed elementor-section-height-default elementor-section-height-default\" data-id=\"2c3212a\" data-element_type=\"section\">\n\t\t\t\t\t\t<div class=\"elementor-container elementor-column-gap-wider\">\n\t\t\t\t\t<div class=\"elementor-column elementor-col-100 elementor-top-column elementor-element elementor-element-5625e63\" data-id=\"5625e63\" data-element_type=\"column\">\n\t\t\t<div class=\"elementor-widget-wrap elementor-element-populated\">\n\t\t\t\t\t\t<div class=\"elementor-element elementor-element-40a6b47 elementor-widget elementor-widget-text-editor\" data-id=\"40a6b47\" data-element_type=\"widget\" data-widget_type=\"text-editor.default\">\n\t\t\t\t<div class=\"elementor-widget-container\">\n\t\t\t\t\t\t\t<p>En proyectos de traducci\u00f3n escrita, trabajo siempre hacia mi idioma materno, es decir, el italiano. Puedo traducir el material que necesites del espa\u00f1ol, alem\u00e1n, ingl\u00e9s o franc\u00e9s al italiano, adapt\u00e1ndolo al mercado italiano o suizo. No obstante, si necesitas una traducci\u00f3n escrita a uno de estos idiomas extranjeros, puedo ayudarte a encontrar al mejor profesional a trav\u00e9s de mi red de contactos.<\/p>\n\t\t\t\t\t\t<\/div>\n\t\t\t\t<\/div>\n\t\t\t\t<div class=\"elementor-element elementor-element-a23049e elementor-widget elementor-widget-heading\" data-id=\"a23049e\" data-element_type=\"widget\" data-widget_type=\"heading.default\">\n\t\t\t\t<div class=\"elementor-widget-container\">\n\t\t\t<h4 class=\"elementor-heading-title elementor-size-default\">\u00bfNecesitas una traducci\u00f3n jurada? <br>Expl\u00edcame brevemente lo que necesitas y podr\u00e9 ayudarte o recomendarte a un compa\u00f1ero de confianza.<\/h4>\t\t<\/div>\n\t\t\t\t<\/div>\n\t\t\t\t\t<\/div>\n\t\t<\/div>\n\t\t\t\t\t<\/div>\n\t\t<\/section>\n\t\t\t\t<\/div>\n\t\t","protected":false},"excerpt":{"rendered":"<p>La traducci\u00f3n es la transposici\u00f3n escrita de un texto de un idioma a otro. Es importante saber a qui\u00e9n va dirigido el documento y qui\u00e9n va a leer el texto para obtener una traducci\u00f3n perfecta. Se pueden traducir muchos tipos de textos, veamos algunos ejemplos: P\u00e1ginas web, comunicaci\u00f3n por correo electr\u00f3nico, correspondencia online, blogs Subt\u00edtulos&hellip;<\/p>\n","protected":false},"author":1,"featured_media":0,"parent":0,"menu_order":1,"comment_status":"closed","ping_status":"closed","template":"","meta":{"footnotes":""},"class_list":["post-10865","page","type-page","status-publish","hentry"],"_links":{"self":[{"href":"https:\/\/gbolognini.com\/es\/wp-json\/wp\/v2\/pages\/10865"}],"collection":[{"href":"https:\/\/gbolognini.com\/es\/wp-json\/wp\/v2\/pages"}],"about":[{"href":"https:\/\/gbolognini.com\/es\/wp-json\/wp\/v2\/types\/page"}],"author":[{"embeddable":true,"href":"https:\/\/gbolognini.com\/es\/wp-json\/wp\/v2\/users\/1"}],"replies":[{"embeddable":true,"href":"https:\/\/gbolognini.com\/es\/wp-json\/wp\/v2\/comments?post=10865"}],"version-history":[{"count":3,"href":"https:\/\/gbolognini.com\/es\/wp-json\/wp\/v2\/pages\/10865\/revisions"}],"predecessor-version":[{"id":11010,"href":"https:\/\/gbolognini.com\/es\/wp-json\/wp\/v2\/pages\/10865\/revisions\/11010"}],"wp:attachment":[{"href":"https:\/\/gbolognini.com\/es\/wp-json\/wp\/v2\/media?parent=10865"}],"curies":[{"name":"wp","href":"https:\/\/api.w.org\/{rel}","templated":true}]}}